{"id":1541,"date":"2025-01-09T09:38:22","date_gmt":"2025-01-09T09:38:22","guid":{"rendered":"https:\/\/vietnamresponsibletourism.com\/comment-nous-travaillons\/"},"modified":"2025-12-17T02:48:18","modified_gmt":"2025-12-17T02:48:18","slug":"comment-nous-travaillons","status":"publish","type":"page","link":"https:\/\/vietnamresponsibletourism.com\/fr\/comment-nous-travaillons\/","title":{"rendered":"Comment nous travaillons"},"content":{"rendered":"\t\t<div data-elementor-type=\"wp-page\" data-elementor-id=\"1541\" class=\"elementor elementor-1541 elementor-252\" data-elementor-post-type=\"page\">\n\t\t\t\t<div class=\"has_ae_slider elementor-element elementor-element-af6c9bc e-flex e-con-boxed ae-bg-gallery-type-default e-con e-parent\" data-id=\"af6c9bc\" data-element_type=\"container\" data-e-type=\"container\" data-settings=\"{&quot;background_background&quot;:&quot;classic&quot;,&quot;ekit_has_onepagescroll_dot&quot;:&quot;yes&quot;}\">\n\t\t\t\t\t<div class=\"e-con-inner\">\n\t\t<div class=\"has_ae_slider elementor-element elementor-element-6ea8a47 e-con-full e-flex ae-bg-gallery-type-default elementor-invisible e-con e-child\" data-id=\"6ea8a47\" data-element_type=\"container\" data-e-type=\"container\" data-settings=\"{&quot;animation&quot;:&quot;fadeInUp&quot;,&quot;ekit_has_onepagescroll_dot&quot;:&quot;yes&quot;}\">\n\t\t\t\t<div class=\"elementor-element elementor-element-9fd502b elementor-widget elementor-widget-heading\" data-id=\"9fd502b\" data-element_type=\"widget\" data-e-type=\"widget\" data-settings=\"{&quot;ekit_we_effect_on&quot;:&quot;none&quot;}\" data-widget_type=\"heading.default\">\n\t\t\t\t<div class=\"elementor-widget-container\">\n\t\t\t\t\t<h2 class=\"elementor-heading-title elementor-size-default\">Comment nous travaillons<\/h2>\t\t\t\t<\/div>\n\t\t\t\t<\/div>\n\t\t\t\t<\/div>\n\t\t\t\t\t<\/div>\n\t\t\t\t<\/div>\n\t\t<div class=\"has_ae_slider elementor-element elementor-element-733adba e-flex e-con-boxed ae-bg-gallery-type-default e-con e-parent\" data-id=\"733adba\" data-element_type=\"container\" data-e-type=\"container\" data-settings=\"{&quot;ekit_has_onepagescroll_dot&quot;:&quot;yes&quot;}\">\n\t\t\t\t\t<div class=\"e-con-inner\">\n\t\t<div class=\"has_ae_slider elementor-element elementor-element-11a7bcb e-con-full e-flex ae-bg-gallery-type-default elementor-invisible e-con e-child\" data-id=\"11a7bcb\" data-element_type=\"container\" data-e-type=\"container\" data-settings=\"{&quot;animation&quot;:&quot;fadeInLeft&quot;,&quot;ekit_has_onepagescroll_dot&quot;:&quot;yes&quot;}\">\n\t\t\t\t<div class=\"elementor-element elementor-element-7044fc2 elementor-widget elementor-widget-heading\" data-id=\"7044fc2\" data-element_type=\"widget\" data-e-type=\"widget\" data-settings=\"{&quot;ekit_we_effect_on&quot;:&quot;none&quot;}\" data-widget_type=\"heading.default\">\n\t\t\t\t<div class=\"elementor-widget-container\">\n\t\t\t\t\t<h6 class=\"elementor-heading-title elementor-size-default\">Comment nous travaillons<\/h6>\t\t\t\t<\/div>\n\t\t\t\t<\/div>\n\t\t\t\t<div class=\"elementor-element elementor-element-872ff5c elementor-widget elementor-widget-heading\" data-id=\"872ff5c\" data-element_type=\"widget\" data-e-type=\"widget\" data-settings=\"{&quot;ekit_we_effect_on&quot;:&quot;none&quot;}\" data-widget_type=\"heading.default\">\n\t\t\t\t<div class=\"elementor-widget-container\">\n\t\t\t\t\t<h2 class=\"elementor-heading-title elementor-size-default\">Comment fonctionne VRTO ?<\/h2>\t\t\t\t<\/div>\n\t\t\t\t<\/div>\n\t\t\t\t<div class=\"elementor-element elementor-element-ff687c1 elementor-widget elementor-widget-text-editor\" data-id=\"ff687c1\" data-element_type=\"widget\" data-e-type=\"widget\" data-settings=\"{&quot;ekit_we_effect_on&quot;:&quot;none&quot;}\" data-widget_type=\"text-editor.default\">\n\t\t\t\t<div class=\"elementor-widget-container\">\n\t\t\t\t\t\t\t\t\t<p>Nous commen\u00e7ons par soutenir le fonctionnement efficace des groupes CBT investis par HELVETAS Vietnam\/CRED dans les provinces de Ha Giang et Cao Bang par le d\u00e9veloppement de la cha\u00eene de march\u00e9, la coordination, le contr\u00f4le de la qualit\u00e9 et l&rsquo;assistance \u00e0 la client\u00e8le, puis nous continuons \u00e0 reproduire ces groupes dans d&rsquo;autres localit\u00e9s. Nous veillons \u00e0 ce que ces groupes CBT fournissent de bons services et g\u00e9n\u00e8rent des revenus touristiques suffisants pour \u00eatre partag\u00e9s \u00e9quitablement avec la communaut\u00e9 locale. <\/p><p>Notre objectif est de devenir la principale plateforme de soutien au d\u00e9veloppement des CBT dans le nord du Vietnam et dans les autres r\u00e9gions du pays.<\/p><p>Les entreprises sociales CBT de VRTO peuvent s&rsquo;autofinancer apr\u00e8s la troisi\u00e8me ann\u00e9e en vendant des services CBT et des forfaits aux TO \/ FIT, en offrant une station de formation commerciale CBT, des services de conseil et en collectant les cotisations des membres de CBT.<\/p>\t\t\t\t\t\t\t\t<\/div>\n\t\t\t\t<\/div>\n\t\t\t\t<\/div>\n\t\t<div class=\"has_ae_slider elementor-element elementor-element-d17de08 e-con-full e-flex ae-bg-gallery-type-default e-con e-child\" data-id=\"d17de08\" data-element_type=\"container\" data-e-type=\"container\" data-settings=\"{&quot;ekit_has_onepagescroll_dot&quot;:&quot;yes&quot;}\">\n\t\t\t\t<div class=\"elementor-element elementor-element-de76c61 elementor-invisible elementor-widget elementor-widget-image\" data-id=\"de76c61\" data-element_type=\"widget\" data-e-type=\"widget\" data-settings=\"{&quot;motion_fx_motion_fx_scrolling&quot;:&quot;yes&quot;,&quot;motion_fx_rotateZ_effect&quot;:&quot;yes&quot;,&quot;motion_fx_rotateZ_direction&quot;:&quot;negative&quot;,&quot;motion_fx_rotateZ_speed&quot;:{&quot;unit&quot;:&quot;px&quot;,&quot;size&quot;:0.2,&quot;sizes&quot;:[]},&quot;motion_fx_rotateZ_affectedRange&quot;:{&quot;unit&quot;:&quot;%&quot;,&quot;size&quot;:&quot;&quot;,&quot;sizes&quot;:{&quot;start&quot;:12,&quot;end&quot;:27}},&quot;_animation&quot;:&quot;bounceInDown&quot;,&quot;ekit_we_effect_on&quot;:&quot;none&quot;,&quot;motion_fx_devices&quot;:[&quot;desktop&quot;,&quot;tablet&quot;,&quot;mobile&quot;]}\" data-widget_type=\"image.default\">\n\t\t\t\t<div class=\"elementor-widget-container\">\n\t\t\t\t\t\t\t\t\t\t\t\t\t\t\t<img fetchpriority=\"high\" decoding=\"async\" width=\"1500\" height=\"1000\" src=\"https:\/\/vietnamresponsibletourism.com\/wp-content\/uploads\/2025\/01\/Dinh-Minh-ChienCRED70.jpg\" class=\"attachment-full size-full wp-image-1327\" alt=\"\" srcset=\"https:\/\/vietnamresponsibletourism.com\/wp-content\/uploads\/2025\/01\/Dinh-Minh-ChienCRED70.jpg 1500w, https:\/\/vietnamresponsibletourism.com\/wp-content\/uploads\/2025\/01\/Dinh-Minh-ChienCRED70-300x200.jpg 300w, https:\/\/vietnamresponsibletourism.com\/wp-content\/uploads\/2025\/01\/Dinh-Minh-ChienCRED70-1024x683.jpg 1024w, https:\/\/vietnamresponsibletourism.com\/wp-content\/uploads\/2025\/01\/Dinh-Minh-ChienCRED70-768x512.jpg 768w\" sizes=\"(max-width: 1500px) 100vw, 1500px\" \/>\t\t\t\t\t\t\t\t\t\t\t\t\t\t\t<\/div>\n\t\t\t\t<\/div>\n\t\t\t\t<div class=\"elementor-element elementor-element-83351f1 elementor-widget__width-initial elementor-absolute elementor-invisible elementor-widget elementor-widget-image\" data-id=\"83351f1\" data-element_type=\"widget\" data-e-type=\"widget\" data-settings=\"{&quot;motion_fx_motion_fx_scrolling&quot;:&quot;yes&quot;,&quot;motion_fx_rotateZ_effect&quot;:&quot;yes&quot;,&quot;motion_fx_rotateZ_speed&quot;:{&quot;unit&quot;:&quot;px&quot;,&quot;size&quot;:0.5,&quot;sizes&quot;:[]},&quot;motion_fx_rotateZ_affectedRange&quot;:{&quot;unit&quot;:&quot;%&quot;,&quot;size&quot;:&quot;&quot;,&quot;sizes&quot;:{&quot;start&quot;:25,&quot;end&quot;:37}},&quot;_animation&quot;:&quot;bounceInRight&quot;,&quot;_position&quot;:&quot;absolute&quot;,&quot;ekit_we_effect_on&quot;:&quot;none&quot;,&quot;motion_fx_devices&quot;:[&quot;desktop&quot;,&quot;tablet&quot;,&quot;mobile&quot;]}\" data-widget_type=\"image.default\">\n\t\t\t\t<div class=\"elementor-widget-container\">\n\t\t\t\t\t\t\t\t\t\t\t\t\t\t\t<img decoding=\"async\" width=\"1500\" height=\"840\" src=\"https:\/\/vietnamresponsibletourism.com\/wp-content\/uploads\/2025\/01\/Hoang-Su-Phi-3-Responsible-Tourism-in-Cao-Bang-Ha-Giang-Vietnam.jpg\" class=\"attachment-full size-full wp-image-1326\" alt=\"\" srcset=\"https:\/\/vietnamresponsibletourism.com\/wp-content\/uploads\/2025\/01\/Hoang-Su-Phi-3-Responsible-Tourism-in-Cao-Bang-Ha-Giang-Vietnam.jpg 1500w, https:\/\/vietnamresponsibletourism.com\/wp-content\/uploads\/2025\/01\/Hoang-Su-Phi-3-Responsible-Tourism-in-Cao-Bang-Ha-Giang-Vietnam-300x168.jpg 300w, https:\/\/vietnamresponsibletourism.com\/wp-content\/uploads\/2025\/01\/Hoang-Su-Phi-3-Responsible-Tourism-in-Cao-Bang-Ha-Giang-Vietnam-1024x573.jpg 1024w, https:\/\/vietnamresponsibletourism.com\/wp-content\/uploads\/2025\/01\/Hoang-Su-Phi-3-Responsible-Tourism-in-Cao-Bang-Ha-Giang-Vietnam-768x430.jpg 768w\" sizes=\"(max-width: 1500px) 100vw, 1500px\" \/>\t\t\t\t\t\t\t\t\t\t\t\t\t\t\t<\/div>\n\t\t\t\t<\/div>\n\t\t\t\t<\/div>\n\t\t\t\t\t<\/div>\n\t\t\t\t<\/div>\n\t\t\t\t<\/div>\n\t\t","protected":false},"excerpt":{"rendered":"<p>Comment nous travaillons Comment fonctionne VRTO ? Nous commen\u00e7ons par soutenir le fonctionnement efficace des groupes CBT investis par HELVETAS Vietnam\/CRED dans les provinces de Ha Giang et Cao Bang par le d\u00e9veloppement de la cha\u00eene de march\u00e9, la coordination, le contr\u00f4le de la qualit\u00e9 et l&rsquo;assistance \u00e0 la client\u00e8le, puis nous continuons \u00e0 reproduire [&hellip;]<\/p>\n","protected":false},"author":1,"featured_media":0,"parent":0,"menu_order":0,"comment_status":"closed","ping_status":"closed","template":"elementor_header_footer","meta":{"_acf_changed":false,"footnotes":""},"class_list":["post-1541","page","type-page","status-publish","hentry"],"acf":[],"_links":{"self":[{"href":"https:\/\/vietnamresponsibletourism.com\/fr\/wp-json\/wp\/v2\/pages\/1541","targetHints":{"allow":["GET"]}}],"collection":[{"href":"https:\/\/vietnamresponsibletourism.com\/fr\/wp-json\/wp\/v2\/pages"}],"about":[{"href":"https:\/\/vietnamresponsibletourism.com\/fr\/wp-json\/wp\/v2\/types\/page"}],"author":[{"embeddable":true,"href":"https:\/\/vietnamresponsibletourism.com\/fr\/wp-json\/wp\/v2\/users\/1"}],"replies":[{"embeddable":true,"href":"https:\/\/vietnamresponsibletourism.com\/fr\/wp-json\/wp\/v2\/comments?post=1541"}],"version-history":[{"count":2,"href":"https:\/\/vietnamresponsibletourism.com\/fr\/wp-json\/wp\/v2\/pages\/1541\/revisions"}],"predecessor-version":[{"id":2692,"href":"https:\/\/vietnamresponsibletourism.com\/fr\/wp-json\/wp\/v2\/pages\/1541\/revisions\/2692"}],"wp:attachment":[{"href":"https:\/\/vietnamresponsibletourism.com\/fr\/wp-json\/wp\/v2\/media?parent=1541"}],"curies":[{"name":"wp","href":"https:\/\/api.w.org\/{rel}","templated":true}]}}