{"id":1543,"date":"2025-01-23T09:44:03","date_gmt":"2025-01-23T09:44:03","guid":{"rendered":"https:\/\/vietnamresponsibletourism.com\/ladhesion\/"},"modified":"2025-12-17T02:48:20","modified_gmt":"2025-12-17T02:48:20","slug":"ladhesion","status":"publish","type":"page","link":"https:\/\/vietnamresponsibletourism.com\/fr\/ladhesion\/","title":{"rendered":"L&rsquo;adh\u00e9sion"},"content":{"rendered":"\t\t<div data-elementor-type=\"wp-page\" data-elementor-id=\"1543\" class=\"elementor elementor-1543 elementor-583\" data-elementor-post-type=\"page\">\n\t\t\t\t<div class=\"has_ae_slider elementor-element elementor-element-ef31e8a e-flex e-con-boxed ae-bg-gallery-type-default e-con e-parent\" data-id=\"ef31e8a\" data-element_type=\"container\" data-e-type=\"container\" data-settings=\"{&quot;background_background&quot;:&quot;classic&quot;,&quot;ekit_has_onepagescroll_dot&quot;:&quot;yes&quot;}\">\n\t\t\t\t\t<div class=\"e-con-inner\">\n\t\t<div class=\"has_ae_slider elementor-element elementor-element-0abfca7 e-con-full e-flex ae-bg-gallery-type-default elementor-invisible e-con e-child\" data-id=\"0abfca7\" data-element_type=\"container\" data-e-type=\"container\" data-settings=\"{&quot;animation&quot;:&quot;fadeInUp&quot;,&quot;ekit_has_onepagescroll_dot&quot;:&quot;yes&quot;}\">\n\t\t\t\t<div class=\"elementor-element elementor-element-750a37a elementor-widget elementor-widget-heading\" data-id=\"750a37a\" data-element_type=\"widget\" data-e-type=\"widget\" data-settings=\"{&quot;ekit_we_effect_on&quot;:&quot;none&quot;}\" data-widget_type=\"heading.default\">\n\t\t\t\t<div class=\"elementor-widget-container\">\n\t\t\t\t\t<h1 class=\"elementor-heading-title elementor-size-default\">L&rsquo;adh\u00e9sion<\/h1>\t\t\t\t<\/div>\n\t\t\t\t<\/div>\n\t\t\t\t<div class=\"elementor-element elementor-element-d1fe127 elementor-widget elementor-widget-heading\" data-id=\"d1fe127\" data-element_type=\"widget\" data-e-type=\"widget\" data-settings=\"{&quot;ekit_we_effect_on&quot;:&quot;none&quot;}\" data-widget_type=\"heading.default\">\n\t\t\t\t<div class=\"elementor-widget-container\">\n\t\t\t\t\t<h3 class=\"elementor-heading-title elementor-size-default\">Rejoignez notre communaut\u00e9 de d\u00e9fenseurs du tourisme responsable<\/h3>\t\t\t\t<\/div>\n\t\t\t\t<\/div>\n\t\t\t\t<\/div>\n\t\t\t\t\t<\/div>\n\t\t\t\t<\/div>\n\t\t<div class=\"has_ae_slider elementor-element elementor-element-c44cd22 e-flex e-con-boxed ae-bg-gallery-type-default e-con e-parent\" data-id=\"c44cd22\" data-element_type=\"container\" data-e-type=\"container\" data-settings=\"{&quot;ekit_has_onepagescroll_dot&quot;:&quot;yes&quot;}\">\n\t\t\t\t\t<div class=\"e-con-inner\">\n\t\t<div class=\"has_ae_slider elementor-element elementor-element-fa770f2 e-con-full e-flex ae-bg-gallery-type-default elementor-invisible e-con e-child\" data-id=\"fa770f2\" data-element_type=\"container\" data-e-type=\"container\" data-settings=\"{&quot;animation&quot;:&quot;fadeInLeft&quot;,&quot;ekit_has_onepagescroll_dot&quot;:&quot;yes&quot;}\">\n\t\t\t\t<div class=\"elementor-element elementor-element-37de26c elementor-widget elementor-widget-heading\" data-id=\"37de26c\" data-element_type=\"widget\" data-e-type=\"widget\" data-settings=\"{&quot;ekit_we_effect_on&quot;:&quot;none&quot;}\" data-widget_type=\"heading.default\">\n\t\t\t\t<div class=\"elementor-widget-container\">\n\t\t\t\t\t<h2 class=\"elementor-heading-title elementor-size-default\">Rejoignez VRTO<\/h2>\t\t\t\t<\/div>\n\t\t\t\t<\/div>\n\t\t\t\t<div class=\"elementor-element elementor-element-65b6698 elementor-widget elementor-widget-text-editor\" data-id=\"65b6698\" data-element_type=\"widget\" data-e-type=\"widget\" data-settings=\"{&quot;ekit_we_effect_on&quot;:&quot;none&quot;}\" data-widget_type=\"text-editor.default\">\n\t\t\t\t<div class=\"elementor-widget-container\">\n\t\t\t\t\t\t\t\t\t<p>Le Vietnam Responsible Tourism (VRTO) r\u00e9unit diff\u00e9rents groupes de tourisme communautaire (CBT), des familles d&rsquo;accueil et des prestataires de services touristiques dans le but d&rsquo;am\u00e9liorer les conditions de vie dans les r\u00e9gions recul\u00e9es en d\u00e9veloppant un mod\u00e8le de tourisme durable et responsable, dans le respect des ressources et des valeurs naturelles et culturelles locales, et en donnant aux minorit\u00e9s ethniques et aux autres groupes d\u00e9favoris\u00e9s les moyens de se prendre en charge. Les circuits de VRTO sont organis\u00e9s par le groupe AADASIA. En adh\u00e9rant \u00e0 VRTO, les membres b\u00e9n\u00e9ficieront des avantages suivants :<\/p>\t\t\t\t\t\t\t\t<\/div>\n\t\t\t\t<\/div>\n\t\t\t\t<\/div>\n\t\t<div class=\"has_ae_slider elementor-element elementor-element-bf7c41e e-con-full e-flex ae-bg-gallery-type-default e-con e-child\" data-id=\"bf7c41e\" data-element_type=\"container\" data-e-type=\"container\" data-settings=\"{&quot;ekit_has_onepagescroll_dot&quot;:&quot;yes&quot;}\">\n\t\t\t\t<div class=\"elementor-element elementor-element-23d215c elementor-invisible elementor-widget elementor-widget-image\" data-id=\"23d215c\" data-element_type=\"widget\" data-e-type=\"widget\" data-settings=\"{&quot;motion_fx_motion_fx_scrolling&quot;:&quot;yes&quot;,&quot;motion_fx_rotateZ_effect&quot;:&quot;yes&quot;,&quot;motion_fx_rotateZ_direction&quot;:&quot;negative&quot;,&quot;motion_fx_rotateZ_speed&quot;:{&quot;unit&quot;:&quot;px&quot;,&quot;size&quot;:0.2,&quot;sizes&quot;:[]},&quot;motion_fx_rotateZ_affectedRange&quot;:{&quot;unit&quot;:&quot;%&quot;,&quot;size&quot;:&quot;&quot;,&quot;sizes&quot;:{&quot;start&quot;:12,&quot;end&quot;:27}},&quot;_animation&quot;:&quot;bounceInDown&quot;,&quot;ekit_we_effect_on&quot;:&quot;none&quot;,&quot;motion_fx_devices&quot;:[&quot;desktop&quot;,&quot;tablet&quot;,&quot;mobile&quot;]}\" data-widget_type=\"image.default\">\n\t\t\t\t<div class=\"elementor-widget-container\">\n\t\t\t\t\t\t\t\t\t\t\t\t\t\t\t<img fetchpriority=\"high\" decoding=\"async\" width=\"1500\" height=\"841\" src=\"https:\/\/vietnamresponsibletourism.com\/wp-content\/uploads\/2025\/01\/Vietresponsibletourism.com-Stunning-Landscapes-CaoBang-HavingDiner-CBT-Vietnam1.jpg\" class=\"attachment-full size-full wp-image-1468\" alt=\"\" srcset=\"https:\/\/vietnamresponsibletourism.com\/wp-content\/uploads\/2025\/01\/Vietresponsibletourism.com-Stunning-Landscapes-CaoBang-HavingDiner-CBT-Vietnam1.jpg 1500w, https:\/\/vietnamresponsibletourism.com\/wp-content\/uploads\/2025\/01\/Vietresponsibletourism.com-Stunning-Landscapes-CaoBang-HavingDiner-CBT-Vietnam1-300x168.jpg 300w, https:\/\/vietnamresponsibletourism.com\/wp-content\/uploads\/2025\/01\/Vietresponsibletourism.com-Stunning-Landscapes-CaoBang-HavingDiner-CBT-Vietnam1-1024x574.jpg 1024w, https:\/\/vietnamresponsibletourism.com\/wp-content\/uploads\/2025\/01\/Vietresponsibletourism.com-Stunning-Landscapes-CaoBang-HavingDiner-CBT-Vietnam1-768x431.jpg 768w\" sizes=\"(max-width: 1500px) 100vw, 1500px\" \/>\t\t\t\t\t\t\t\t\t\t\t\t\t\t\t<\/div>\n\t\t\t\t<\/div>\n\t\t\t\t<div class=\"elementor-element elementor-element-006e294 elementor-widget__width-initial elementor-absolute elementor-invisible elementor-widget elementor-widget-image\" data-id=\"006e294\" data-element_type=\"widget\" data-e-type=\"widget\" data-settings=\"{&quot;motion_fx_motion_fx_scrolling&quot;:&quot;yes&quot;,&quot;motion_fx_rotateZ_effect&quot;:&quot;yes&quot;,&quot;motion_fx_rotateZ_speed&quot;:{&quot;unit&quot;:&quot;px&quot;,&quot;size&quot;:0.5,&quot;sizes&quot;:[]},&quot;motion_fx_rotateZ_affectedRange&quot;:{&quot;unit&quot;:&quot;%&quot;,&quot;size&quot;:&quot;&quot;,&quot;sizes&quot;:{&quot;start&quot;:25,&quot;end&quot;:37}},&quot;_animation&quot;:&quot;bounceInRight&quot;,&quot;_position&quot;:&quot;absolute&quot;,&quot;ekit_we_effect_on&quot;:&quot;none&quot;,&quot;motion_fx_devices&quot;:[&quot;desktop&quot;,&quot;tablet&quot;,&quot;mobile&quot;]}\" data-widget_type=\"image.default\">\n\t\t\t\t<div class=\"elementor-widget-container\">\n\t\t\t\t\t\t\t\t\t\t\t\t\t\t\t<img decoding=\"async\" width=\"2560\" height=\"1920\" src=\"https:\/\/vietnamresponsibletourism.com\/wp-content\/uploads\/2025\/03\/bac-ha-local-scaled.jpg\" class=\"attachment-full size-full wp-image-1492\" alt=\"\" srcset=\"https:\/\/vietnamresponsibletourism.com\/wp-content\/uploads\/2025\/03\/bac-ha-local-scaled.jpg 2560w, https:\/\/vietnamresponsibletourism.com\/wp-content\/uploads\/2025\/03\/bac-ha-local-300x225.jpg 300w, https:\/\/vietnamresponsibletourism.com\/wp-content\/uploads\/2025\/03\/bac-ha-local-1024x768.jpg 1024w, https:\/\/vietnamresponsibletourism.com\/wp-content\/uploads\/2025\/03\/bac-ha-local-768x576.jpg 768w, https:\/\/vietnamresponsibletourism.com\/wp-content\/uploads\/2025\/03\/bac-ha-local-1536x1152.jpg 1536w, https:\/\/vietnamresponsibletourism.com\/wp-content\/uploads\/2025\/03\/bac-ha-local-2048x1536.jpg 2048w\" sizes=\"(max-width: 2560px) 100vw, 2560px\" \/>\t\t\t\t\t\t\t\t\t\t\t\t\t\t\t<\/div>\n\t\t\t\t<\/div>\n\t\t\t\t<div class=\"elementor-element elementor-element-fdb8eea elementor-widget__width-initial elementor-absolute elementor-invisible elementor-widget elementor-widget-image\" data-id=\"fdb8eea\" data-element_type=\"widget\" data-e-type=\"widget\" data-settings=\"{&quot;motion_fx_motion_fx_scrolling&quot;:&quot;yes&quot;,&quot;_animation&quot;:&quot;bounceInRight&quot;,&quot;_position&quot;:&quot;absolute&quot;,&quot;ekit_we_effect_on&quot;:&quot;none&quot;,&quot;motion_fx_devices&quot;:[&quot;desktop&quot;,&quot;tablet&quot;,&quot;mobile&quot;]}\" data-widget_type=\"image.default\">\n\t\t\t\t<div class=\"elementor-widget-container\">\n\t\t\t\t\t\t\t\t\t\t\t\t\t\t\t<img decoding=\"async\" width=\"1500\" height=\"849\" src=\"https:\/\/vietnamresponsibletourism.com\/wp-content\/uploads\/2025\/01\/Join-vietnam-responsible-tourism.jpg\" class=\"attachment-full size-full wp-image-1476\" alt=\"Join-vietnam-responsible-tourism\" srcset=\"https:\/\/vietnamresponsibletourism.com\/wp-content\/uploads\/2025\/01\/Join-vietnam-responsible-tourism.jpg 1500w, https:\/\/vietnamresponsibletourism.com\/wp-content\/uploads\/2025\/01\/Join-vietnam-responsible-tourism-300x170.jpg 300w, https:\/\/vietnamresponsibletourism.com\/wp-content\/uploads\/2025\/01\/Join-vietnam-responsible-tourism-1024x580.jpg 1024w, https:\/\/vietnamresponsibletourism.com\/wp-content\/uploads\/2025\/01\/Join-vietnam-responsible-tourism-768x435.jpg 768w\" sizes=\"(max-width: 1500px) 100vw, 1500px\" \/>\t\t\t\t\t\t\t\t\t\t\t\t\t\t\t<\/div>\n\t\t\t\t<\/div>\n\t\t\t\t<\/div>\n\t\t\t\t\t<\/div>\n\t\t\t\t<\/div>\n\t\t<div class=\"has_ae_slider elementor-element elementor-element-2d1c4d4 e-flex e-con-boxed ae-bg-gallery-type-default e-con e-parent\" data-id=\"2d1c4d4\" data-element_type=\"container\" data-e-type=\"container\" data-settings=\"{&quot;ekit_has_onepagescroll_dot&quot;:&quot;yes&quot;}\">\n\t\t\t\t\t<div class=\"e-con-inner\">\n\t\t\t\t<div class=\"elementor-element elementor-element-510c83b elementor-widget-divider--view-line elementor-widget elementor-widget-divider\" data-id=\"510c83b\" data-element_type=\"widget\" data-e-type=\"widget\" data-settings=\"{&quot;ekit_we_effect_on&quot;:&quot;none&quot;}\" data-widget_type=\"divider.default\">\n\t\t\t\t<div class=\"elementor-widget-container\">\n\t\t\t\t\t\t\t<div class=\"elementor-divider\">\n\t\t\t<span class=\"elementor-divider-separator\">\n\t\t\t\t\t\t<\/span>\n\t\t<\/div>\n\t\t\t\t\t\t<\/div>\n\t\t\t\t<\/div>\n\t\t<div class=\"has_ae_slider elementor-element elementor-element-544a5d8 e-con-full e-flex ae-bg-gallery-type-default e-con e-child\" data-id=\"544a5d8\" data-element_type=\"container\" data-e-type=\"container\" data-settings=\"{&quot;ekit_has_onepagescroll_dot&quot;:&quot;yes&quot;}\">\n\t\t<div class=\"has_ae_slider elementor-element elementor-element-64251d3 e-con-full e-flex ae-bg-gallery-type-default e-con e-child\" data-id=\"64251d3\" data-element_type=\"container\" data-e-type=\"container\" data-settings=\"{&quot;ekit_has_onepagescroll_dot&quot;:&quot;yes&quot;}\">\n\t\t\t\t<div class=\"elementor-element elementor-element-598a9cb elementor-widget elementor-widget-heading\" data-id=\"598a9cb\" data-element_type=\"widget\" data-e-type=\"widget\" data-settings=\"{&quot;ekit_we_effect_on&quot;:&quot;none&quot;}\" data-widget_type=\"heading.default\">\n\t\t\t\t<div class=\"elementor-widget-container\">\n\t\t\t\t\t<h4 class=\"elementor-heading-title elementor-size-default\">Avantages\n<\/h4>\t\t\t\t<\/div>\n\t\t\t\t<\/div>\n\t\t\t\t<\/div>\n\t\t<div class=\"has_ae_slider elementor-element elementor-element-4ace734 e-con-full e-flex ae-bg-gallery-type-default e-con e-child\" data-id=\"4ace734\" data-element_type=\"container\" data-e-type=\"container\" data-settings=\"{&quot;ekit_has_onepagescroll_dot&quot;:&quot;yes&quot;}\">\n\t\t\t\t<div class=\"elementor-element elementor-element-2444b60 elementor-widget elementor-widget-text-editor\" data-id=\"2444b60\" data-element_type=\"widget\" data-e-type=\"widget\" data-settings=\"{&quot;ekit_we_effect_on&quot;:&quot;none&quot;}\" data-widget_type=\"text-editor.default\">\n\t\t\t\t<div class=\"elementor-widget-container\">\n\t\t\t\t\t\t\t\t\t<ul class=\"list_ic_dot\"><li>B\u00e9n\u00e9ficier d&rsquo;opportunit\u00e9s de formation et de coaching pour am\u00e9liorer les comp\u00e9tences et la qualit\u00e9 du service afin d&rsquo;augmenter le nombre de visiteurs et d&rsquo;accro\u00eetre les recettes.<\/li><li>B\u00e9n\u00e9ficiez d&rsquo;un soutien pour d\u00e9velopper des liens commerciaux avec des voyagistes et des agences de voyage nationaux et internationaux.<\/li><li>B\u00e9n\u00e9ficier d&rsquo;efforts de marketing centralis\u00e9s, d&rsquo;une pr\u00e9sence sur le site web de VRTO et dans les documents de marketing de VRTO, d&rsquo;une repr\u00e9sentation dans les salons de voyage nationaux et internationaux.<\/li><li>Acc\u00e9dez aux donateurs (opportunit\u00e9s de financement) et aux d\u00e9veloppeurs de projets (soutien op\u00e9rationnel).<\/li><li>Sensibilisation \u00e0 votre organisation via les canaux de m\u00e9dias sociaux de VRTO. En tant que membre, vous pouvez soumettre jusqu&rsquo;\u00e0 12 messages par an pour tous les canaux de m\u00e9dias sociaux de VRTO.<\/li><li>Montrez votre engagement en faveur du tourisme responsable en utilisant le logo et le certificat de membre de VRTO sur votre site web et dans d&rsquo;autres communications telles que les courriels.<\/li><li>Publiez vos \u00e9v\u00e9nements ou vos communiqu\u00e9s de presse : Touchez un public plus large en ajoutant votre \u00e9v\u00e9nement \u00e0 notre calendrier des \u00e9v\u00e9nements et publiez des nouvelles sur le tourisme responsable dans notre section \u00ab\u00a0Actualit\u00e9s\u00a0\u00bb sur le site web de VRTO.<\/li><li>B\u00e9n\u00e9ficier de projets de d\u00e9veloppement non li\u00e9s aux TIC, tels que des programmes d&rsquo;agriculture ou d&rsquo;att\u00e9nuation du changement climatique, des projets d&rsquo;infrastructure, d&rsquo;\u00e9ducation ou de sant\u00e9.<\/li><li>B\u00e9n\u00e9ficiez du syst\u00e8me de contr\u00f4le de la qualit\u00e9 et de certification d\u00e9velopp\u00e9 par VRTO.<\/li><\/ul>\t\t\t\t\t\t\t\t<\/div>\n\t\t\t\t<\/div>\n\t\t\t\t<\/div>\n\t\t\t\t<\/div>\n\t\t<div class=\"has_ae_slider elementor-element elementor-element-c714822 e-con-full e-flex ae-bg-gallery-type-default e-con e-child\" data-id=\"c714822\" data-element_type=\"container\" data-e-type=\"container\" data-settings=\"{&quot;ekit_has_onepagescroll_dot&quot;:&quot;yes&quot;}\">\n\t\t<div class=\"has_ae_slider elementor-element elementor-element-01bb9cf e-con-full e-flex ae-bg-gallery-type-default e-con e-child\" data-id=\"01bb9cf\" data-element_type=\"container\" data-e-type=\"container\" data-settings=\"{&quot;ekit_has_onepagescroll_dot&quot;:&quot;yes&quot;}\">\n\t\t\t\t<div class=\"elementor-element elementor-element-234803a elementor-widget elementor-widget-heading\" data-id=\"234803a\" data-element_type=\"widget\" data-e-type=\"widget\" data-settings=\"{&quot;ekit_we_effect_on&quot;:&quot;none&quot;}\" data-widget_type=\"heading.default\">\n\t\t\t\t<div class=\"elementor-widget-container\">\n\t\t\t\t\t<h4 class=\"elementor-heading-title elementor-size-default\">Responsabilit\u00e9s :<\/h4>\t\t\t\t<\/div>\n\t\t\t\t<\/div>\n\t\t\t\t<\/div>\n\t\t<div class=\"has_ae_slider elementor-element elementor-element-65f6d68 e-con-full e-flex ae-bg-gallery-type-default e-con e-child\" data-id=\"65f6d68\" data-element_type=\"container\" data-e-type=\"container\" data-settings=\"{&quot;ekit_has_onepagescroll_dot&quot;:&quot;yes&quot;}\">\n\t\t\t\t<div class=\"elementor-element elementor-element-9c09e63 elementor-widget elementor-widget-text-editor\" data-id=\"9c09e63\" data-element_type=\"widget\" data-e-type=\"widget\" data-settings=\"{&quot;ekit_we_effect_on&quot;:&quot;none&quot;}\" data-widget_type=\"text-editor.default\">\n\t\t\t\t<div class=\"elementor-widget-container\">\n\t\t\t\t\t\t\t\t\t<ul class=\"list_ic_dot\"><li>Respecter les r\u00e8gles et r\u00e9glementations ainsi que l&rsquo;ensemble des normes relatives au tourisme responsable \u00e9labor\u00e9es par VRTO.<\/li><li>Partagez vos connaissances et votre exp\u00e9rience au sein des communaut\u00e9s et avec les autres membres.<\/li><li>Soyez ouvert et transparent.<\/li><li>Soyez accueillant et participez \u00e0 des \u00e9changes humains et culturels avec les touristes.<\/li><li>Mettez en \u0153uvre des syst\u00e8mes de gestion des d\u00e9chets, recyclez lorsque c&rsquo;est possible et \u00e9liminez les d\u00e9chets non recyclables de mani\u00e8re appropri\u00e9e. Maintenir les espaces communautaires et touristiques propres et \u00e0 un niveau sanitaire \u00e9lev\u00e9.<\/li><li>Appliquer des pratiques de tourisme responsable sous la direction de VRTO.<\/li><li>Payer la cotisation de 500 000 VND par an.<\/li><\/ul>\t\t\t\t\t\t\t\t<\/div>\n\t\t\t\t<\/div>\n\t\t\t\t<\/div>\n\t\t\t\t<\/div>\n\t\t<div class=\"has_ae_slider elementor-element elementor-element-00f5d3c e-con-full e-flex ae-bg-gallery-type-default e-con e-child\" data-id=\"00f5d3c\" data-element_type=\"container\" data-e-type=\"container\" data-settings=\"{&quot;ekit_has_onepagescroll_dot&quot;:&quot;yes&quot;}\">\n\t\t\t\t<div class=\"elementor-element elementor-element-028db8f elementor-widget elementor-widget-text-editor\" data-id=\"028db8f\" data-element_type=\"widget\" data-e-type=\"widget\" data-settings=\"{&quot;ekit_we_effect_on&quot;:&quot;none&quot;}\" data-widget_type=\"text-editor.default\">\n\t\t\t\t<div class=\"elementor-widget-container\">\n\t\t\t\t\t\t\t\t\t<p>Demande d&rsquo;adh\u00e9sion pour les groupes de tourisme communautaire, les s\u00e9jours en famille d&rsquo;accueil et les autres prestataires de services touristiques communautaires.<\/p>\t\t\t\t\t\t\t\t<\/div>\n\t\t\t\t<\/div>\n\t\t\t\t<div class=\"elementor-element elementor-element-c50dfc7 elementor-widget elementor-widget-button\" data-id=\"c50dfc7\" data-element_type=\"widget\" data-e-type=\"widget\" data-settings=\"{&quot;ekit_we_effect_on&quot;:&quot;none&quot;}\" data-widget_type=\"button.default\">\n\t\t\t\t<div class=\"elementor-widget-container\">\n\t\t\t\t\t\t\t\t\t<div class=\"elementor-button-wrapper\">\n\t\t\t\t\t<a class=\"elementor-button elementor-button-link elementor-size-sm\" href=\"https:\/\/vietnamresponsibletourism.com\/fr\/formulaire-de-demande-dadhesion\/\">\n\t\t\t\t\t\t<span class=\"elementor-button-content-wrapper\">\n\t\t\t\t\t\t\t\t\t<span class=\"elementor-button-text\">Registre<\/span>\n\t\t\t\t\t<\/span>\n\t\t\t\t\t<\/a>\n\t\t\t\t<\/div>\n\t\t\t\t\t\t\t\t<\/div>\n\t\t\t\t<\/div>\n\t\t\t\t<\/div>\n\t\t\t\t\t<\/div>\n\t\t\t\t<\/div>\n\t\t\t\t<\/div>\n\t\t","protected":false},"excerpt":{"rendered":"<p>Rejoignez notre communaut\u00e9 de d\u00e9fenseurs du tourisme responsable Rejoignez VRTO Le Vietnam Responsible Tourism (VRTO) r\u00e9unit diff\u00e9rents groupes de tourisme communautaire (CBT), des familles d&rsquo;accueil et des prestataires de services touristiques dans le but d&rsquo;am\u00e9liorer les conditions de vie dans les r\u00e9gions recul\u00e9es en d\u00e9veloppant un mod\u00e8le de tourisme durable et responsable, dans le respect [&hellip;]<\/p>\n","protected":false},"author":1,"featured_media":0,"parent":0,"menu_order":0,"comment_status":"closed","ping_status":"closed","template":"elementor_header_footer","meta":{"_acf_changed":false,"footnotes":""},"class_list":["post-1543","page","type-page","status-publish","hentry"],"acf":[],"_links":{"self":[{"href":"https:\/\/vietnamresponsibletourism.com\/fr\/wp-json\/wp\/v2\/pages\/1543","targetHints":{"allow":["GET"]}}],"collection":[{"href":"https:\/\/vietnamresponsibletourism.com\/fr\/wp-json\/wp\/v2\/pages"}],"about":[{"href":"https:\/\/vietnamresponsibletourism.com\/fr\/wp-json\/wp\/v2\/types\/page"}],"author":[{"embeddable":true,"href":"https:\/\/vietnamresponsibletourism.com\/fr\/wp-json\/wp\/v2\/users\/1"}],"replies":[{"embeddable":true,"href":"https:\/\/vietnamresponsibletourism.com\/fr\/wp-json\/wp\/v2\/comments?post=1543"}],"version-history":[{"count":12,"href":"https:\/\/vietnamresponsibletourism.com\/fr\/wp-json\/wp\/v2\/pages\/1543\/revisions"}],"predecessor-version":[{"id":2694,"href":"https:\/\/vietnamresponsibletourism.com\/fr\/wp-json\/wp\/v2\/pages\/1543\/revisions\/2694"}],"wp:attachment":[{"href":"https:\/\/vietnamresponsibletourism.com\/fr\/wp-json\/wp\/v2\/media?parent=1543"}],"curies":[{"name":"wp","href":"https:\/\/api.w.org\/{rel}","templated":true}]}}