{"id":1547,"date":"2025-01-23T09:49:41","date_gmt":"2025-01-23T09:49:41","guid":{"rendered":"https:\/\/vietnamresponsibletourism.com\/formulaire-de-demande-dadhesion\/"},"modified":"2025-12-17T02:48:23","modified_gmt":"2025-12-17T02:48:23","slug":"formulaire-de-demande-dadhesion","status":"publish","type":"page","link":"https:\/\/vietnamresponsibletourism.com\/fr\/formulaire-de-demande-dadhesion\/","title":{"rendered":"Formulaire de demande d&rsquo;adh\u00e9sion"},"content":{"rendered":"\t\t<div data-elementor-type=\"wp-page\" data-elementor-id=\"1547\" class=\"elementor elementor-1547 elementor-591\" data-elementor-post-type=\"page\">\n\t\t\t\t<div class=\"has_ae_slider elementor-element elementor-element-5f35f56 e-flex e-con-boxed ae-bg-gallery-type-default e-con e-parent\" data-id=\"5f35f56\" data-element_type=\"container\" data-e-type=\"container\" data-settings=\"{&quot;background_background&quot;:&quot;classic&quot;,&quot;ekit_has_onepagescroll_dot&quot;:&quot;yes&quot;}\">\n\t\t\t\t\t<div class=\"e-con-inner\">\n\t\t<div class=\"has_ae_slider elementor-element elementor-element-91f3ada e-con-full e-flex ae-bg-gallery-type-default elementor-invisible e-con e-child\" data-id=\"91f3ada\" data-element_type=\"container\" data-e-type=\"container\" data-settings=\"{&quot;animation&quot;:&quot;fadeInUp&quot;,&quot;ekit_has_onepagescroll_dot&quot;:&quot;yes&quot;}\">\n\t\t\t\t<div class=\"elementor-element elementor-element-df37d8d elementor-widget elementor-widget-heading\" data-id=\"df37d8d\" data-element_type=\"widget\" data-e-type=\"widget\" data-settings=\"{&quot;ekit_we_effect_on&quot;:&quot;none&quot;}\" data-widget_type=\"heading.default\">\n\t\t\t\t<div class=\"elementor-widget-container\">\n\t\t\t\t\t<h1 class=\"elementor-heading-title elementor-size-default\">Formulaire de demande d&rsquo;adh\u00e9sion<\/h1>\t\t\t\t<\/div>\n\t\t\t\t<\/div>\n\t\t\t\t<\/div>\n\t\t\t\t\t<\/div>\n\t\t\t\t<\/div>\n\t\t<div class=\"has_ae_slider elementor-element elementor-element-26c6fe9 e-flex e-con-boxed ae-bg-gallery-type-default e-con e-parent\" data-id=\"26c6fe9\" data-element_type=\"container\" data-e-type=\"container\" data-settings=\"{&quot;ekit_has_onepagescroll_dot&quot;:&quot;yes&quot;}\">\n\t\t\t\t\t<div class=\"e-con-inner\">\n\t\t\t\t<div class=\"elementor-element elementor-element-56c772c elementor-button-align-stretch elementor-widget elementor-widget-form\" data-id=\"56c772c\" data-element_type=\"widget\" data-e-type=\"widget\" data-settings=\"{&quot;step_next_label&quot;:&quot;Suivant&quot;,&quot;step_previous_label&quot;:&quot;Pr\\u00e9c\\u00e9dent&quot;,&quot;button_width&quot;:&quot;100&quot;,&quot;step_type&quot;:&quot;number_text&quot;,&quot;step_icon_shape&quot;:&quot;circle&quot;,&quot;ekit_we_effect_on&quot;:&quot;none&quot;}\" data-widget_type=\"form.default\">\n\t\t\t\t<div class=\"elementor-widget-container\">\n\t\t\t\t\t\t\t<form class=\"elementor-form\" method=\"post\" name=\"Nouveau formulaire\">\n\t\t\t<input type=\"hidden\" name=\"post_id\" value=\"1547\"\/>\n\t\t\t<input type=\"hidden\" name=\"form_id\" value=\"56c772c\"\/>\n\t\t\t<input type=\"hidden\" name=\"referer_title\" value=\"\" \/>\n\n\t\t\t\n\t\t\t<div class=\"elementor-form-fields-wrapper elementor-labels-\">\n\t\t\t\t\t\t\t\t<div class=\"elementor-field-type-text elementor-field-group elementor-column elementor-field-group-name elementor-col-50 elementor-field-required\">\n\t\t\t\t\t\t\t\t\t\t\t\t<label for=\"form-field-name\" class=\"elementor-field-label elementor-screen-only\">\n\t\t\t\t\t\t\t\tNom du demandeur *\t\t\t\t\t\t\t<\/label>\n\t\t\t\t\t\t\t\t\t\t\t\t\t\t<input size=\"1\" type=\"text\" name=\"form_fields[name]\" id=\"form-field-name\" class=\"elementor-field elementor-size-md  elementor-field-textual\" placeholder=\"Nom du demandeur *\" required=\"required\" aria-required=\"true\">\n\t\t\t\t\t\t\t\t\t\t\t<\/div>\n\t\t\t\t\t\t\t\t<div class=\"elementor-field-type-text elementor-field-group elementor-column elementor-field-group-field_1f81d05 elementor-col-50\">\n\t\t\t\t\t\t\t\t\t\t\t\t<label for=\"form-field-field_1f81d05\" class=\"elementor-field-label elementor-screen-only\">\n\t\t\t\t\t\t\t\tEthnie *\t\t\t\t\t\t\t<\/label>\n\t\t\t\t\t\t\t\t\t\t\t\t\t\t<input size=\"1\" type=\"text\" name=\"form_fields[field_1f81d05]\" id=\"form-field-field_1f81d05\" class=\"elementor-field elementor-size-md  elementor-field-textual\" placeholder=\"Ethnie *\">\n\t\t\t\t\t\t\t\t\t\t\t<\/div>\n\t\t\t\t\t\t\t\t<div class=\"elementor-field-type-html elementor-field-group elementor-column elementor-field-group-field_4b14960 elementor-col-100\">\n\t\t\t\t\tRepr\u00e9sentant de l'application*\t\t\t\t<\/div>\n\t\t\t\t\t\t\t\t<div class=\"elementor-field-type-checkbox elementor-field-group elementor-column elementor-field-group-field_7c775bb elementor-col-100\">\n\t\t\t\t\t<div class=\"elementor-field-subgroup  elementor-subgroup-inline\"><span class=\"elementor-field-option\"><input type=\"checkbox\" value=\"Groupes \/ coop\u00e9ratives CBT\" id=\"form-field-field_7c775bb-0\" name=\"form_fields[field_7c775bb][]\"> <label for=\"form-field-field_7c775bb-0\">Groupes \/ coop\u00e9ratives CBT<\/label><\/span><span class=\"elementor-field-option\"><input type=\"checkbox\" value=\"M\u00e9nage unique\" id=\"form-field-field_7c775bb-1\" name=\"form_fields[field_7c775bb][]\"> <label for=\"form-field-field_7c775bb-1\">M\u00e9nage unique<\/label><\/span><span class=\"elementor-field-option\"><input type=\"checkbox\" value=\"Individuel\" id=\"form-field-field_7c775bb-2\" name=\"form_fields[field_7c775bb][]\"> <label for=\"form-field-field_7c775bb-2\">Individuel<\/label><\/span><\/div>\t\t\t\t<\/div>\n\t\t\t\t\t\t\t\t<div class=\"elementor-field-type-text elementor-field-group elementor-column elementor-field-group-field_35e4c29 elementor-col-100 elementor-field-required\">\n\t\t\t\t\t\t\t\t\t\t\t\t<label for=\"form-field-field_35e4c29\" class=\"elementor-field-label elementor-screen-only\">\n\t\t\t\t\t\t\t\tAdresse *\t\t\t\t\t\t\t<\/label>\n\t\t\t\t\t\t\t\t\t\t\t\t\t\t<input size=\"1\" type=\"text\" name=\"form_fields[field_35e4c29]\" id=\"form-field-field_35e4c29\" class=\"elementor-field elementor-size-md  elementor-field-textual\" placeholder=\"Adresse *\" required=\"required\" aria-required=\"true\">\n\t\t\t\t\t\t\t\t\t\t\t<\/div>\n\t\t\t\t\t\t\t\t<div class=\"elementor-field-type-email elementor-field-group elementor-column elementor-field-group-email elementor-col-50 elementor-field-required\">\n\t\t\t\t\t\t\t\t\t\t\t\t<label for=\"form-field-email\" class=\"elementor-field-label elementor-screen-only\">\n\t\t\t\t\t\t\t\tCourriel\t\t\t\t\t\t\t<\/label>\n\t\t\t\t\t\t\t\t\t\t\t\t\t\t<input size=\"1\" type=\"email\" name=\"form_fields[email]\" id=\"form-field-email\" class=\"elementor-field elementor-size-md  elementor-field-textual\" placeholder=\"Courriel\" required=\"required\" aria-required=\"true\">\n\t\t\t\t\t\t\t\t\t\t\t<\/div>\n\t\t\t\t\t\t\t\t<div class=\"elementor-field-type-tel elementor-field-group elementor-column elementor-field-group-field_e891aaf elementor-col-50 elementor-field-required\">\n\t\t\t\t\t\t\t\t\t\t\t\t<label for=\"form-field-field_e891aaf\" class=\"elementor-field-label elementor-screen-only\">\n\t\t\t\t\t\t\t\tT\u00e9l\u00e9phone *\t\t\t\t\t\t\t<\/label>\n\t\t\t\t\t\t\t\t<input size=\"1\" type=\"tel\" name=\"form_fields[field_e891aaf]\" id=\"form-field-field_e891aaf\" class=\"elementor-field elementor-size-md  elementor-field-textual\" placeholder=\"T\u00e9l\u00e9phone *\" required=\"required\" aria-required=\"true\" pattern=\"[0-9()#&amp;+*-=.]+\" title=\"Only numbers and phone characters (#, -, *, etc) are accepted.\">\n\n\t\t\t\t\t\t<\/div>\n\t\t\t\t\t\t\t\t<div class=\"elementor-field-type-url elementor-field-group elementor-column elementor-field-group-field_fc7ac20 elementor-col-100\">\n\t\t\t\t\t\t\t\t\t\t\t\t<label for=\"form-field-field_fc7ac20\" class=\"elementor-field-label elementor-screen-only\">\n\t\t\t\t\t\t\t\tSite web (le cas \u00e9ch\u00e9ant)\t\t\t\t\t\t\t<\/label>\n\t\t\t\t\t\t\t\t\t\t\t\t\t\t<input size=\"1\" type=\"url\" name=\"form_fields[field_fc7ac20]\" id=\"form-field-field_fc7ac20\" class=\"elementor-field elementor-size-md  elementor-field-textual\" placeholder=\"Site web (le cas \u00e9ch\u00e9ant)\">\n\t\t\t\t\t\t\t\t\t\t\t<\/div>\n\t\t\t\t\t\t\t\t<div class=\"elementor-field-type-html elementor-field-group elementor-column elementor-field-group-field_8fbc67a elementor-col-100\">\n\t\t\t\t\tServices fournis*\t\t\t\t<\/div>\n\t\t\t\t\t\t\t\t<div class=\"elementor-field-type-checkbox elementor-field-group elementor-column elementor-field-group-field_b0182f2 elementor-col-100\">\n\t\t\t\t\t<div class=\"elementor-field-subgroup  elementor-subgroup-inline\"><span class=\"elementor-field-option\"><input type=\"checkbox\" value=\"H\u00e9bergement chez l&#039;habitant\" id=\"form-field-field_b0182f2-0\" name=\"form_fields[field_b0182f2][]\"> <label for=\"form-field-field_b0182f2-0\">H\u00e9bergement chez l'habitant<\/label><\/span><span class=\"elementor-field-option\"><input type=\"checkbox\" value=\" Nourriture locale\" id=\"form-field-field_b0182f2-1\" name=\"form_fields[field_b0182f2][]\"> <label for=\"form-field-field_b0182f2-1\"> Nourriture locale<\/label><\/span><span class=\"elementor-field-option\"><input type=\"checkbox\" value=\" Guide local\" id=\"form-field-field_b0182f2-2\" name=\"form_fields[field_b0182f2][]\"> <label for=\"form-field-field_b0182f2-2\"> Guide local<\/label><\/span><span class=\"elementor-field-option\"><input type=\"checkbox\" value=\" Porteur\" id=\"form-field-field_b0182f2-3\" name=\"form_fields[field_b0182f2][]\"> <label for=\"form-field-field_b0182f2-3\"> Porteur<\/label><\/span><span class=\"elementor-field-option\"><input type=\"checkbox\" value=\" Moto-taxi\" id=\"form-field-field_b0182f2-4\" name=\"form_fields[field_b0182f2][]\"> <label for=\"form-field-field_b0182f2-4\"> Moto-taxi<\/label><\/span><span class=\"elementor-field-option\"><input type=\"checkbox\" value=\" Voiture\" id=\"form-field-field_b0182f2-5\" name=\"form_fields[field_b0182f2][]\"> <label for=\"form-field-field_b0182f2-5\"> Voiture<\/label><\/span><span class=\"elementor-field-option\"><input type=\"checkbox\" value=\" Spectacle culturel\" id=\"form-field-field_b0182f2-6\" name=\"form_fields[field_b0182f2][]\"> <label for=\"form-field-field_b0182f2-6\"> Spectacle culturel<\/label><\/span><span class=\"elementor-field-option\"><input type=\"checkbox\" value=\" Artisanat  \" id=\"form-field-field_b0182f2-7\" name=\"form_fields[field_b0182f2][]\"> <label for=\"form-field-field_b0182f2-7\"> Artisanat  <\/label><\/span><\/div>\t\t\t\t<\/div>\n\t\t\t\t\t\t\t\t<div class=\"elementor-field-type-html elementor-field-group elementor-column elementor-field-group-field_0c891f0 elementor-col-100\">\n\t\t\t\t\tCapacit\u00e9 de charge *\t\t\t\t<\/div>\n\t\t\t\t\t\t\t\t<div class=\"elementor-field-type-number elementor-field-group elementor-column elementor-field-group-field_b0d3c75 elementor-col-50\">\n\t\t\t\t\t\t\t\t\t\t\t\t<label for=\"form-field-field_b0d3c75\" class=\"elementor-field-label elementor-screen-only\">\n\t\t\t\t\t\t\t\tLits\t\t\t\t\t\t\t<\/label>\n\t\t\t\t\t\t\t\t\t<input type=\"number\" name=\"form_fields[field_b0d3c75]\" id=\"form-field-field_b0d3c75\" class=\"elementor-field elementor-size-md  elementor-field-textual\" placeholder=\"Lits\" min=\"\" max=\"\" >\n\t\t\t\t\t\t<\/div>\n\t\t\t\t\t\t\t\t<div class=\"elementor-field-type-number elementor-field-group elementor-column elementor-field-group-field_3d905d7 elementor-col-50\">\n\t\t\t\t\t\t\t\t\t\t\t\t<label for=\"form-field-field_3d905d7\" class=\"elementor-field-label elementor-screen-only\">\n\t\t\t\t\t\t\t\tPax\t\t\t\t\t\t\t<\/label>\n\t\t\t\t\t\t\t\t\t<input type=\"number\" name=\"form_fields[field_3d905d7]\" id=\"form-field-field_3d905d7\" class=\"elementor-field elementor-size-md  elementor-field-textual\" placeholder=\"Pax\" min=\"\" max=\"\" >\n\t\t\t\t\t\t<\/div>\n\t\t\t\t\t\t\t\t<div class=\"elementor-field-type-text elementor-field-group elementor-column elementor-field-group-field_e94d46d elementor-col-100 elementor-field-required\">\n\t\t\t\t\t\t\t\t\t\t\t\t<label for=\"form-field-field_e94d46d\" class=\"elementor-field-label elementor-screen-only\">\n\t\t\t\t\t\t\t\tDepuis combien de temps offrez-vous ces services ? *\t\t\t\t\t\t\t<\/label>\n\t\t\t\t\t\t\t\t\t\t\t\t\t\t<input size=\"1\" type=\"text\" name=\"form_fields[field_e94d46d]\" id=\"form-field-field_e94d46d\" class=\"elementor-field elementor-size-md  elementor-field-textual\" placeholder=\"Depuis combien de temps offrez-vous ces services ? *\" required=\"required\" aria-required=\"true\">\n\t\t\t\t\t\t\t\t\t\t\t<\/div>\n\t\t\t\t\t\t\t\t<div class=\"elementor-field-type-text elementor-field-group elementor-column elementor-field-group-field_df134ca elementor-col-100\">\n\t\t\t\t\t\t\t\t\t\t\t\t<label for=\"form-field-field_df134ca\" class=\"elementor-field-label elementor-screen-only\">\n\t\t\t\t\t\t\t\tNombre d'invit\u00e9s re\u00e7us par an\t\t\t\t\t\t\t<\/label>\n\t\t\t\t\t\t\t\t\t\t\t\t\t\t<input size=\"1\" type=\"text\" name=\"form_fields[field_df134ca]\" id=\"form-field-field_df134ca\" class=\"elementor-field elementor-size-md  elementor-field-textual\" placeholder=\"Nombre d&#039;invit\u00e9s re\u00e7us par an\">\n\t\t\t\t\t\t\t\t\t\t\t<\/div>\n\t\t\t\t\t\t\t\t<div class=\"elementor-field-type-text elementor-field-group elementor-column elementor-field-group-field_8ab74b4 elementor-col-100\">\n\t\t\t\t\t\t\t\t\t\t\t\t<label for=\"form-field-field_8ab74b4\" class=\"elementor-field-label elementor-screen-only\">\n\t\t\t\t\t\t\t\tPrix du service (le cas \u00e9ch\u00e9ant)\t\t\t\t\t\t\t<\/label>\n\t\t\t\t\t\t\t\t\t\t\t\t\t\t<input size=\"1\" type=\"text\" name=\"form_fields[field_8ab74b4]\" id=\"form-field-field_8ab74b4\" class=\"elementor-field elementor-size-md  elementor-field-textual\" placeholder=\"Prix du service (le cas \u00e9ch\u00e9ant)\">\n\t\t\t\t\t\t\t\t\t\t\t<\/div>\n\t\t\t\t\t\t\t\t<div class=\"elementor-field-type-html elementor-field-group elementor-column elementor-field-group-field_3c70734 elementor-col-100\">\n\t\t\t\t\tComp\u00e9tences en mati\u00e8re de communication*\t\t\t\t<\/div>\n\t\t\t\t\t\t\t\t<div class=\"elementor-field-type-checkbox elementor-field-group elementor-column elementor-field-group-field_0ee4b08 elementor-col-100\">\n\t\t\t\t\t<div class=\"elementor-field-subgroup  elementor-subgroup-inline\"><span class=\"elementor-field-option\"><input type=\"checkbox\" value=\"  Langue\" id=\"form-field-field_0ee4b08-0\" name=\"form_fields[field_0ee4b08][]\"> <label for=\"form-field-field_0ee4b08-0\">  Langue<\/label><\/span><span class=\"elementor-field-option\"><input type=\"checkbox\" value=\" Comp\u00e9tences informatiques\" id=\"form-field-field_0ee4b08-1\" name=\"form_fields[field_0ee4b08][]\"> <label for=\"form-field-field_0ee4b08-1\"> Comp\u00e9tences informatiques<\/label><\/span><span class=\"elementor-field-option\"><input type=\"checkbox\" value=\" Comp\u00e9tences en mati\u00e8re de courrier \u00e9lectronique  \" id=\"form-field-field_0ee4b08-2\" name=\"form_fields[field_0ee4b08][]\"> <label for=\"form-field-field_0ee4b08-2\"> Comp\u00e9tences en mati\u00e8re de courrier \u00e9lectronique  <\/label><\/span><\/div>\t\t\t\t<\/div>\n\t\t\t\t\t\t\t\t<div class=\"elementor-field-type-textarea elementor-field-group elementor-column elementor-field-group-field_705117d elementor-col-100\">\n\t\t\t\t\t\t\t\t\t\t\t\t<label for=\"form-field-field_705117d\" class=\"elementor-field-label elementor-screen-only\">\n\t\t\t\t\t\t\t\tLes atouts de votre entreprise\t\t\t\t\t\t\t<\/label>\n\t\t\t\t\t\t<textarea class=\"elementor-field-textual elementor-field  elementor-size-md\" name=\"form_fields[field_705117d]\" id=\"form-field-field_705117d\" rows=\"4\" placeholder=\"Les atouts de votre entreprise\"><\/textarea>\t\t\t\t<\/div>\n\t\t\t\t\t\t\t\t<div class=\"elementor-field-type-textarea elementor-field-group elementor-column elementor-field-group-field_1a0af8e elementor-col-100\">\n\t\t\t\t\t\t\t\t\t\t\t\t<label for=\"form-field-field_1a0af8e\" class=\"elementor-field-label elementor-screen-only\">\n\t\t\t\t\t\t\t\tLes faiblesses de votre entreprise\t\t\t\t\t\t\t<\/label>\n\t\t\t\t\t\t<textarea class=\"elementor-field-textual elementor-field  elementor-size-md\" name=\"form_fields[field_1a0af8e]\" id=\"form-field-field_1a0af8e\" rows=\"4\" placeholder=\"Les faiblesses de votre entreprise\"><\/textarea>\t\t\t\t<\/div>\n\t\t\t\t\t\t\t\t<div class=\"elementor-field-type-textarea elementor-field-group elementor-column elementor-field-group-field_9189993 elementor-col-100\">\n\t\t\t\t\t\t\t\t\t\t\t\t<label for=\"form-field-field_9189993\" class=\"elementor-field-label elementor-screen-only\">\n\t\t\t\t\t\t\t\tQu'attendez-vous de notre coop\u00e9ration ?\t\t\t\t\t\t\t<\/label>\n\t\t\t\t\t\t<textarea class=\"elementor-field-textual elementor-field  elementor-size-md\" name=\"form_fields[field_9189993]\" id=\"form-field-field_9189993\" rows=\"4\" placeholder=\"Qu&#039;attendez-vous de notre coop\u00e9ration ?\"><\/textarea>\t\t\t\t<\/div>\n\t\t\t\t\t\t\t\t<div class=\"elementor-field-type-upload elementor-field-group elementor-column elementor-field-group-field_e779688 elementor-col-100\">\n\t\t\t\t\t\t\t<input type=\"file\" name=\"form_fields[field_e779688]\" id=\"form-field-field_e779688\" class=\"elementor-field elementor-size-md  elementor-upload-field\">\n\n\t\t\t\t\t\t<\/div>\n\t\t\t\t\t\t\t\t<div class=\"elementor-field-group elementor-column elementor-field-type-submit elementor-col-100 e-form__buttons\">\n\t\t\t\t\t<button class=\"elementor-button elementor-size-sm\" type=\"submit\">\n\t\t\t\t\t\t<span class=\"elementor-button-content-wrapper\">\n\t\t\t\t\t\t\t\t\t\t\t\t\t\t\t\t\t\t\t\t\t\t<span class=\"elementor-button-text\">Envoyer<\/span>\n\t\t\t\t\t\t\t\t\t\t\t\t\t<\/span>\n\t\t\t\t\t<\/button>\n\t\t\t\t<\/div>\n\t\t\t<\/div>\n\t\t<\/form>\n\t\t\t\t\t\t<\/div>\n\t\t\t\t<\/div>\n\t\t\t\t\t<\/div>\n\t\t\t\t<\/div>\n\t\t\t\t<\/div>\n\t\t","protected":false},"excerpt":{"rendered":"","protected":false},"author":1,"featured_media":0,"parent":0,"menu_order":0,"comment_status":"closed","ping_status":"closed","template":"elementor_header_footer","meta":{"_acf_changed":false,"footnotes":""},"class_list":["post-1547","page","type-page","status-publish","hentry"],"acf":[],"_links":{"self":[{"href":"https:\/\/vietnamresponsibletourism.com\/fr\/wp-json\/wp\/v2\/pages\/1547","targetHints":{"allow":["GET"]}}],"collection":[{"href":"https:\/\/vietnamresponsibletourism.com\/fr\/wp-json\/wp\/v2\/pages"}],"about":[{"href":"https:\/\/vietnamresponsibletourism.com\/fr\/wp-json\/wp\/v2\/types\/page"}],"author":[{"embeddable":true,"href":"https:\/\/vietnamresponsibletourism.com\/fr\/wp-json\/wp\/v2\/users\/1"}],"replies":[{"embeddable":true,"href":"https:\/\/vietnamresponsibletourism.com\/fr\/wp-json\/wp\/v2\/comments?post=1547"}],"version-history":[{"count":2,"href":"https:\/\/vietnamresponsibletourism.com\/fr\/wp-json\/wp\/v2\/pages\/1547\/revisions"}],"predecessor-version":[{"id":1924,"href":"https:\/\/vietnamresponsibletourism.com\/fr\/wp-json\/wp\/v2\/pages\/1547\/revisions\/1924"}],"wp:attachment":[{"href":"https:\/\/vietnamresponsibletourism.com\/fr\/wp-json\/wp\/v2\/media?parent=1547"}],"curies":[{"name":"wp","href":"https:\/\/api.w.org\/{rel}","templated":true}]}}