{"id":1555,"date":"2025-01-09T09:41:10","date_gmt":"2025-01-09T09:41:10","guid":{"rendered":"https:\/\/vietnamresponsibletourism.com\/voyagez-de-maniere-responsable\/"},"modified":"2025-12-17T02:48:28","modified_gmt":"2025-12-17T02:48:28","slug":"voyagez-de-maniere-responsable","status":"publish","type":"page","link":"https:\/\/vietnamresponsibletourism.com\/fr\/voyagez-de-maniere-responsable\/","title":{"rendered":"Voyagez de mani\u00e8re responsable"},"content":{"rendered":"\t\t<div data-elementor-type=\"wp-page\" data-elementor-id=\"1555\" class=\"elementor elementor-1555 elementor-257\" data-elementor-post-type=\"page\">\n\t\t\t\t<div class=\"has_ae_slider elementor-element elementor-element-af6c9bc e-flex e-con-boxed ae-bg-gallery-type-default e-con e-parent\" data-id=\"af6c9bc\" data-element_type=\"container\" data-e-type=\"container\" data-settings=\"{&quot;background_background&quot;:&quot;classic&quot;,&quot;ekit_has_onepagescroll_dot&quot;:&quot;yes&quot;}\">\n\t\t\t\t\t<div class=\"e-con-inner\">\n\t\t<div class=\"has_ae_slider elementor-element elementor-element-6ea8a47 e-con-full e-flex ae-bg-gallery-type-default elementor-invisible e-con e-child\" data-id=\"6ea8a47\" data-element_type=\"container\" data-e-type=\"container\" data-settings=\"{&quot;animation&quot;:&quot;fadeInUp&quot;,&quot;ekit_has_onepagescroll_dot&quot;:&quot;yes&quot;}\">\n\t\t\t\t<div class=\"elementor-element elementor-element-9fd502b elementor-widget elementor-widget-heading\" data-id=\"9fd502b\" data-element_type=\"widget\" data-e-type=\"widget\" data-settings=\"{&quot;ekit_we_effect_on&quot;:&quot;none&quot;}\" data-widget_type=\"heading.default\">\n\t\t\t\t<div class=\"elementor-widget-container\">\n\t\t\t\t\t<h2 class=\"elementor-heading-title elementor-size-default\">Comment voyager de mani\u00e8re responsable ?<\/h2>\t\t\t\t<\/div>\n\t\t\t\t<\/div>\n\t\t\t\t<\/div>\n\t\t\t\t\t<\/div>\n\t\t\t\t<\/div>\n\t\t<div class=\"has_ae_slider elementor-element elementor-element-733adba e-flex e-con-boxed ae-bg-gallery-type-default e-con e-parent\" data-id=\"733adba\" data-element_type=\"container\" data-e-type=\"container\" data-settings=\"{&quot;ekit_has_onepagescroll_dot&quot;:&quot;yes&quot;}\">\n\t\t\t\t\t<div class=\"e-con-inner\">\n\t\t<div class=\"has_ae_slider elementor-element elementor-element-11a7bcb e-con-full e-flex ae-bg-gallery-type-default elementor-invisible e-con e-child\" data-id=\"11a7bcb\" data-element_type=\"container\" data-e-type=\"container\" data-settings=\"{&quot;animation&quot;:&quot;fadeInLeft&quot;,&quot;ekit_has_onepagescroll_dot&quot;:&quot;yes&quot;}\">\n\t\t\t\t<div class=\"elementor-element elementor-element-7044fc2 elementor-widget elementor-widget-heading\" data-id=\"7044fc2\" data-element_type=\"widget\" data-e-type=\"widget\" data-settings=\"{&quot;ekit_we_effect_on&quot;:&quot;none&quot;}\" data-widget_type=\"heading.default\">\n\t\t\t\t<div class=\"elementor-widget-container\">\n\t\t\t\t\t<h6 class=\"elementor-heading-title elementor-size-default\">Tourisme responsable<\/h6>\t\t\t\t<\/div>\n\t\t\t\t<\/div>\n\t\t\t\t<div class=\"elementor-element elementor-element-872ff5c elementor-widget elementor-widget-heading\" data-id=\"872ff5c\" data-element_type=\"widget\" data-e-type=\"widget\" data-settings=\"{&quot;ekit_we_effect_on&quot;:&quot;none&quot;}\" data-widget_type=\"heading.default\">\n\t\t\t\t<div class=\"elementor-widget-container\">\n\t\t\t\t\t<h2 class=\"elementor-heading-title elementor-size-default\">Qu'est-ce que le tourisme responsable ?<\/h2>\t\t\t\t<\/div>\n\t\t\t\t<\/div>\n\t\t\t\t<div class=\"elementor-element elementor-element-ff687c1 elementor-widget elementor-widget-text-editor\" data-id=\"ff687c1\" data-element_type=\"widget\" data-e-type=\"widget\" data-settings=\"{&quot;ekit_we_effect_on&quot;:&quot;none&quot;}\" data-widget_type=\"text-editor.default\">\n\t\t\t\t<div class=\"elementor-widget-container\">\n\t\t\t\t\t\t\t\t\t<p>Le tourisme responsable cherche \u00e0 maximiser les impacts \u00e9conomiques, environnementaux et sociaux positifs et \u00e0 minimiser les impacts n\u00e9gatifs. Il implique que toutes les parties prenantes &#8211; touristes, entreprises, communaut\u00e9s locales et gouvernements &#8211; assument la responsabilit\u00e9 de rendre le tourisme plus durable et b\u00e9n\u00e9fique pour toutes les personnes concern\u00e9es. <\/p><p>Le tourisme responsable a \u00e9t\u00e9 d\u00e9fini au Cap en 2002 lors du Sommet mondial sur le d\u00e9veloppement durable. Cette d\u00e9finition, connue sous le nom de<a href=\"https:\/\/responsibletourismpartnership.org\/platform-for-change\/origins-of-the-cape-town-declaration\/\" rel=\"nofollow noopener\" target=\"_blank\"><strong> D\u00e9claration du Cap<\/strong><\/a>est largement accept\u00e9e et a \u00e9t\u00e9 officiellement adopt\u00e9e par le World Travel Market en 2007 \u00e0 l&rsquo;occasion de la Journ\u00e9e mondiale du tourisme responsable. <\/p>\t\t\t\t\t\t\t\t<\/div>\n\t\t\t\t<\/div>\n\t\t\t\t<\/div>\n\t\t<div class=\"has_ae_slider elementor-element elementor-element-d17de08 e-con-full e-flex ae-bg-gallery-type-default e-con e-child\" data-id=\"d17de08\" data-element_type=\"container\" data-e-type=\"container\" data-settings=\"{&quot;ekit_has_onepagescroll_dot&quot;:&quot;yes&quot;}\">\n\t\t\t\t<div class=\"elementor-element elementor-element-de76c61 elementor-invisible elementor-widget elementor-widget-image\" data-id=\"de76c61\" data-element_type=\"widget\" data-e-type=\"widget\" data-settings=\"{&quot;motion_fx_motion_fx_scrolling&quot;:&quot;yes&quot;,&quot;motion_fx_rotateZ_effect&quot;:&quot;yes&quot;,&quot;motion_fx_rotateZ_direction&quot;:&quot;negative&quot;,&quot;motion_fx_rotateZ_speed&quot;:{&quot;unit&quot;:&quot;px&quot;,&quot;size&quot;:0.2,&quot;sizes&quot;:[]},&quot;motion_fx_rotateZ_affectedRange&quot;:{&quot;unit&quot;:&quot;%&quot;,&quot;size&quot;:&quot;&quot;,&quot;sizes&quot;:{&quot;start&quot;:12,&quot;end&quot;:27}},&quot;_animation&quot;:&quot;bounceInDown&quot;,&quot;ekit_we_effect_on&quot;:&quot;none&quot;,&quot;motion_fx_devices&quot;:[&quot;desktop&quot;,&quot;tablet&quot;,&quot;mobile&quot;]}\" data-widget_type=\"image.default\">\n\t\t\t\t<div class=\"elementor-widget-container\">\n\t\t\t\t\t\t\t\t\t\t\t\t\t\t\t<img fetchpriority=\"high\" decoding=\"async\" width=\"2560\" height=\"1920\" src=\"https:\/\/vietnamresponsibletourism.com\/wp-content\/uploads\/2025\/03\/z6070964286035_d601492a5a9e8dede6bbaa69ccfd6a77-scaled.jpg\" class=\"attachment-full size-full wp-image-1508\" alt=\"\" srcset=\"https:\/\/vietnamresponsibletourism.com\/wp-content\/uploads\/2025\/03\/z6070964286035_d601492a5a9e8dede6bbaa69ccfd6a77-scaled.jpg 2560w, https:\/\/vietnamresponsibletourism.com\/wp-content\/uploads\/2025\/03\/z6070964286035_d601492a5a9e8dede6bbaa69ccfd6a77-300x225.jpg 300w, https:\/\/vietnamresponsibletourism.com\/wp-content\/uploads\/2025\/03\/z6070964286035_d601492a5a9e8dede6bbaa69ccfd6a77-1024x768.jpg 1024w, https:\/\/vietnamresponsibletourism.com\/wp-content\/uploads\/2025\/03\/z6070964286035_d601492a5a9e8dede6bbaa69ccfd6a77-768x576.jpg 768w, https:\/\/vietnamresponsibletourism.com\/wp-content\/uploads\/2025\/03\/z6070964286035_d601492a5a9e8dede6bbaa69ccfd6a77-1536x1152.jpg 1536w, https:\/\/vietnamresponsibletourism.com\/wp-content\/uploads\/2025\/03\/z6070964286035_d601492a5a9e8dede6bbaa69ccfd6a77-2048x1536.jpg 2048w\" sizes=\"(max-width: 2560px) 100vw, 2560px\" \/>\t\t\t\t\t\t\t\t\t\t\t\t\t\t\t<\/div>\n\t\t\t\t<\/div>\n\t\t\t\t<div class=\"elementor-element elementor-element-83351f1 elementor-widget__width-initial elementor-absolute elementor-invisible elementor-widget elementor-widget-image\" data-id=\"83351f1\" data-element_type=\"widget\" data-e-type=\"widget\" data-settings=\"{&quot;motion_fx_motion_fx_scrolling&quot;:&quot;yes&quot;,&quot;motion_fx_rotateZ_effect&quot;:&quot;yes&quot;,&quot;motion_fx_rotateZ_speed&quot;:{&quot;unit&quot;:&quot;px&quot;,&quot;size&quot;:0.5,&quot;sizes&quot;:[]},&quot;motion_fx_rotateZ_affectedRange&quot;:{&quot;unit&quot;:&quot;%&quot;,&quot;size&quot;:&quot;&quot;,&quot;sizes&quot;:{&quot;start&quot;:25,&quot;end&quot;:37}},&quot;_animation&quot;:&quot;bounceInRight&quot;,&quot;_position&quot;:&quot;absolute&quot;,&quot;ekit_we_effect_on&quot;:&quot;none&quot;,&quot;motion_fx_devices&quot;:[&quot;desktop&quot;,&quot;tablet&quot;,&quot;mobile&quot;]}\" data-widget_type=\"image.default\">\n\t\t\t\t<div class=\"elementor-widget-container\">\n\t\t\t\t\t\t\t\t\t\t\t\t\t\t\t<img decoding=\"async\" width=\"1000\" height=\"667\" src=\"https:\/\/vietnamresponsibletourism.com\/wp-content\/uploads\/2025\/01\/IMG_2884.jpg\" class=\"attachment-full size-full wp-image-1445\" alt=\"\" srcset=\"https:\/\/vietnamresponsibletourism.com\/wp-content\/uploads\/2025\/01\/IMG_2884.jpg 1000w, https:\/\/vietnamresponsibletourism.com\/wp-content\/uploads\/2025\/01\/IMG_2884-300x200.jpg 300w, https:\/\/vietnamresponsibletourism.com\/wp-content\/uploads\/2025\/01\/IMG_2884-768x512.jpg 768w\" sizes=\"(max-width: 1000px) 100vw, 1000px\" \/>\t\t\t\t\t\t\t\t\t\t\t\t\t\t\t<\/div>\n\t\t\t\t<\/div>\n\t\t\t\t<\/div>\n\t\t\t\t\t<\/div>\n\t\t\t\t<\/div>\n\t\t<div class=\"has_ae_slider elementor-element elementor-element-8d8ebfe e-flex e-con-boxed ae-bg-gallery-type-default elementor-invisible e-con e-parent\" data-id=\"8d8ebfe\" data-element_type=\"container\" data-e-type=\"container\" data-settings=\"{&quot;animation&quot;:&quot;fadeInUp&quot;,&quot;ekit_has_onepagescroll_dot&quot;:&quot;yes&quot;}\">\n\t\t\t\t\t<div class=\"e-con-inner\">\n\t\t<div class=\"has_ae_slider elementor-element elementor-element-fd32db3 e-con-full e-flex ae-bg-gallery-type-default e-con e-child\" data-id=\"fd32db3\" data-element_type=\"container\" data-e-type=\"container\" data-settings=\"{&quot;ekit_has_onepagescroll_dot&quot;:&quot;yes&quot;}\">\n\t\t\t\t<div class=\"elementor-element elementor-element-0d19771 elementor-widget-divider--view-line elementor-widget elementor-widget-divider\" data-id=\"0d19771\" data-element_type=\"widget\" data-e-type=\"widget\" data-settings=\"{&quot;ekit_we_effect_on&quot;:&quot;none&quot;}\" data-widget_type=\"divider.default\">\n\t\t\t\t<div class=\"elementor-widget-container\">\n\t\t\t\t\t\t\t<div class=\"elementor-divider\">\n\t\t\t<span class=\"elementor-divider-separator\">\n\t\t\t\t\t\t<\/span>\n\t\t<\/div>\n\t\t\t\t\t\t<\/div>\n\t\t\t\t<\/div>\n\t\t\t\t<div class=\"elementor-element elementor-element-c7065a1 elementor-widget elementor-widget-text-editor\" data-id=\"c7065a1\" data-element_type=\"widget\" data-e-type=\"widget\" data-settings=\"{&quot;ekit_we_effect_on&quot;:&quot;none&quot;}\" data-widget_type=\"text-editor.default\">\n\t\t\t\t<div class=\"elementor-widget-container\">\n\t\t\t\t\t\t\t\t\t<h4><strong>La d\u00e9claration du Cap<\/strong><\/h4><p>Reconna\u00eet que le tourisme responsable se caract\u00e9rise \u00e9galement par un tourisme qui :<\/p><ul><li>G\u00e9n\u00e8re des avantages \u00e9conomiques plus importants pour les populations locales et am\u00e9liore le bien-\u00eatre des communaut\u00e9s d&rsquo;accueil, les conditions de travail et l&rsquo;acc\u00e8s \u00e0 l&rsquo;industrie.<\/li><li>Implique les populations locales dans les d\u00e9cisions qui affectent leur vie et leurs chances dans la vie.<\/li><li>Contribue de mani\u00e8re positive \u00e0 la conservation du patrimoine naturel et culturel et au maintien de la diversit\u00e9 mondiale.<\/li><li>Les touristes vivent des exp\u00e9riences plus agr\u00e9ables gr\u00e2ce \u00e0 des liens plus significatifs avec les populations locales et \u00e0 une meilleure compr\u00e9hension des questions culturelles, sociales et environnementales locales.<\/li><li>Permet l&rsquo;acc\u00e8s aux personnes handicap\u00e9es.<\/li><li>est sensible \u00e0 la culture, engendre le respect entre les touristes et les h\u00f4tes, et renforce la fiert\u00e9 et la confiance des populations locales.<\/li><\/ul><p>L&rsquo;implication de la communaut\u00e9 locale d&rsquo;accueil est au c\u0153ur du concept de tourisme responsable. Elle implique logiquement la mise en \u0153uvre du tourisme communautaire dans les r\u00e9gions \u00e9conomiquement d\u00e9favoris\u00e9es. <\/p><p>En savoir plus <a href=\"http:\/\/resource.capetown.gov.za\/documentcentre\/Documents\/Agreements%20and%20contracts\/Toruism_RT_2002_Cape_Town_Declaration.pdf\" rel=\"nofollow noopener\" target=\"_blank\"><strong>La d\u00e9claration du Cap<\/strong><\/a><\/p>\t\t\t\t\t\t\t\t<\/div>\n\t\t\t\t<\/div>\n\t\t\t\t<div class=\"elementor-element elementor-element-bd8ad09 elementor-widget-divider--view-line elementor-widget elementor-widget-divider\" data-id=\"bd8ad09\" data-element_type=\"widget\" data-e-type=\"widget\" data-settings=\"{&quot;ekit_we_effect_on&quot;:&quot;none&quot;}\" data-widget_type=\"divider.default\">\n\t\t\t\t<div class=\"elementor-widget-container\">\n\t\t\t\t\t\t\t<div class=\"elementor-divider\">\n\t\t\t<span class=\"elementor-divider-separator\">\n\t\t\t\t\t\t<\/span>\n\t\t<\/div>\n\t\t\t\t\t\t<\/div>\n\t\t\t\t<\/div>\n\t\t\t\t<div class=\"elementor-element elementor-element-bc41db5 elementor-widget elementor-widget-text-editor\" data-id=\"bc41db5\" data-element_type=\"widget\" data-e-type=\"widget\" data-settings=\"{&quot;ekit_we_effect_on&quot;:&quot;none&quot;}\" data-widget_type=\"text-editor.default\">\n\t\t\t\t<div class=\"elementor-widget-container\">\n\t\t\t\t\t\t\t\t\t<h4><strong>Pourquoi voyager de mani\u00e8re responsable ?  <\/strong><\/h4><ul><li><strong>Le tourisme responsable profite \u00e0 la communaut\u00e9 locale<\/strong><\/li><\/ul><p>Alors que les b\u00e9n\u00e9fices du tourisme de masse reviennent principalement aux entreprises internationales, le tourisme responsable profite \u00e0 la communaut\u00e9 locale gr\u00e2ce \u00e0 une valeur ajout\u00e9e locale tr\u00e8s \u00e9lev\u00e9e. Les personnes directement impliqu\u00e9es re\u00e7oivent une r\u00e9mun\u00e9ration \u00e9quitable, tandis que celles qui ne sont pas directement impliqu\u00e9es b\u00e9n\u00e9ficient des am\u00e9liorations apport\u00e9es au sein de la communaut\u00e9, telles que des normes d&rsquo;hygi\u00e8ne plus \u00e9lev\u00e9es, la construction d&rsquo;\u00e9quipements collectifs, etc. gr\u00e2ce au fonds communautaire. <\/p><ul><li><strong>Le tourisme responsable renforce les capacit\u00e9s des populations locales<\/strong><\/li><\/ul><p>L&rsquo;implication de la population locale dans la prise de d\u00e9cision est cruciale pour renforcer l&rsquo;autonomie de la communaut\u00e9. Les habitants sont libres de d\u00e9cider s&rsquo;ils veulent autoriser le tourisme dans leur village et de quelle mani\u00e8re. Gr\u00e2ce \u00e0 la mise en \u0153uvre des principes de la d\u00e9mocratie participative, chaque personne peut s&rsquo;exprimer et a le droit de d\u00e9cider de la mani\u00e8re dont le tourisme affecte sa propre vie. Cela permet en outre de sensibiliser la population \u00e0 l&rsquo;autod\u00e9termination.   <\/p><ul><li><strong>Le tourisme responsable contribue \u00e0 la pr\u00e9servation de la culture<\/strong><\/li><\/ul><p>L&rsquo;int\u00e9r\u00eat d&rsquo;un voyageur responsable pour la culture et les coutumes locales incite la communaut\u00e9 \u00e0 les maintenir en vie. Les populations locales prennent conscience de l&rsquo;importance et du caract\u00e8re unique de leur patrimoine culturel et sont motiv\u00e9es pour le pr\u00e9server. La transmission des connaissances traditionnelles \u00e0 la g\u00e9n\u00e9ration suivante est consid\u00e9r\u00e9e comme tr\u00e8s importante.  <\/p><ul><li><strong>Le tourisme responsable contribue \u00e0 la pr\u00e9servation de l&rsquo;environnement<\/strong><\/li><\/ul><p>Chaque voyageur a un impact sur l&rsquo;environnement, c&rsquo;est un fait. Il est de la responsabilit\u00e9 de chacun de r\u00e9duire son empreinte carbone, et il existe de nombreuses fa\u00e7ons de le faire. En plus de cela, emporter des bouteilles d&rsquo;eau r\u00e9utilisables, \u00e9viter les sacs en plastique, marcher au lieu de conduire lorsque c&rsquo;est possible et respecter les ressources naturelles sont d&rsquo;autres moyens de maintenir cet impact \u00e0 un niveau faible. Mais comment le tourisme responsable contribue-t-il \u00e0 la pr\u00e9servation de l&rsquo;environnement ? Les paysages \u00e9poustouflants attirent les voyageurs responsables. Ils entrent en contact \u00e9troit avec la nature par le biais de randonn\u00e9es, de circuits \u00e0 v\u00e9lo et de cano\u00eb-kayak. Cette confrontation peut sensibiliser les voyageurs et la communaut\u00e9 \u00e0 la valeur de la nature et les amener \u00e0 adopter un comportement respectueux de l&rsquo;environnement et \u00e0 mener des activit\u00e9s visant \u00e0 le pr\u00e9server.      <\/p><ul><li><strong>Le tourisme responsable offre des emplois \u00e0 la population locale, y compris aux jeunes et aux femmes.<\/strong><\/li><\/ul><p>Le tourisme responsable met l&rsquo;accent sur les structures locales. En achetant de la nourriture locale, de l&rsquo;artisanat et en utilisant de petits magasins pour ses achats quotidiens, le voyageur responsable soutient la communaut\u00e9 locale. Les guides, traducteurs, chauffeurs et cuisiniers locaux partagent non seulement leur culture et leur savoir-faire avec le voyageur responsable, mais gagnent \u00e9galement un revenu \u00e9quitable qu&rsquo;ils r\u00e9investissent dans l&rsquo;\u00e9conomie locale. Les jeunes sont motiv\u00e9s pour am\u00e9liorer leur connaissance de l&rsquo;anglais afin de trouver un emploi et de rester dans leur village. Les femmes sont responsabilis\u00e9es par la possibilit\u00e9 de proposer leur maison comme h\u00e9bergement, elles sont expertes en cuisine locale et connaissent l&rsquo;artisanat traditionnel, ce qui les rend fi\u00e8res et plus ind\u00e9pendantes.    <\/p><ul><li><strong>Le tourisme responsable rapproche les gens et favorise l&rsquo;apprentissage interculturel<\/strong><\/li><\/ul><p>La rencontre intensive entre les voyageurs responsables et la communaut\u00e9 locale permet de d\u00e9couvrir et d&rsquo;apprendre la vie locale. Les activit\u00e9s pratiques permettent d&rsquo;appr\u00e9cier le travail quotidien comme la r\u00e9colte du riz, la p\u00eache traditionnelle ou la cueillette du th\u00e9. En \u00e9change, les voyageurs responsables peuvent apporter leurs qualifications, qu&rsquo;il s&rsquo;agisse de comp\u00e9tences en anglais, de connaissances en d\u00e9veloppement commercial, de comp\u00e9tences techniques ou autres. Le b\u00e9n\u00e9volat peut \u00e9galement \u00eatre un moyen important et inspirant de donner en retour, plut\u00f4t que de simplement prendre.   <\/p><ul><li><strong>Les exp\u00e9riences de tourisme responsable sont uniques<\/strong><\/li><\/ul><p>Aider \u00e0 l&rsquo;\u00e9puisante r\u00e9colte du riz et \u00e0 sa transformation, par exemple, donne un aper\u00e7u unique et profond de la vie quotidienne de nombreuses personnes locales. En outre, quelques nuits dans une famille d&rsquo;accueil typique peuvent \u00eatre une bonne occasion d&rsquo;\u00e9changer sur la culture, la politique, le mode de vie et la famille. Cette exp\u00e9rience est susceptible de changer l&rsquo;esprit du voyageur responsable. Elle est authentique et non substituable et sensibilise le voyageur \u00e0 la culture d&rsquo;accueil.   <\/p><p>En savoir plus <a href=\"https:\/\/vietnam.travel\/things-to-do\/how-travel-responsibly-vietnam\" rel=\"nofollow noopener\" target=\"_blank\"><strong>Guide du voyageur responsable au Vi\u00eat Nam<\/strong><\/a><\/p>\t\t\t\t\t\t\t\t<\/div>\n\t\t\t\t<\/div>\n\t\t\t\t<div class=\"elementor-element elementor-element-c5f548f elementor-widget-divider--view-line elementor-widget elementor-widget-divider\" data-id=\"c5f548f\" data-element_type=\"widget\" data-e-type=\"widget\" data-settings=\"{&quot;ekit_we_effect_on&quot;:&quot;none&quot;}\" data-widget_type=\"divider.default\">\n\t\t\t\t<div class=\"elementor-widget-container\">\n\t\t\t\t\t\t\t<div class=\"elementor-divider\">\n\t\t\t<span class=\"elementor-divider-separator\">\n\t\t\t\t\t\t<\/span>\n\t\t<\/div>\n\t\t\t\t\t\t<\/div>\n\t\t\t\t<\/div>\n\t\t\t\t<div class=\"elementor-element elementor-element-5118934 elementor-widget elementor-widget-text-editor\" data-id=\"5118934\" data-element_type=\"widget\" data-e-type=\"widget\" data-settings=\"{&quot;ekit_we_effect_on&quot;:&quot;none&quot;}\" data-widget_type=\"text-editor.default\">\n\t\t\t\t<div class=\"elementor-widget-container\">\n\t\t\t\t\t\t\t\t\t<h4><strong>Qu&rsquo;est-ce que la TCC ?<\/strong><\/h4><p>Le tourisme communautaire implique activement la communaut\u00e9 locale dans la planification et la prise de d\u00e9cision. La d\u00e9mocratie participative pour le d\u00e9veloppement touristique de la communaut\u00e9 est essentielle pour une approche durable. L&rsquo;objectif est de cr\u00e9er durablement de meilleurs lieux de vie et de visite.  <\/p>\t\t\t\t\t\t\t\t<\/div>\n\t\t\t\t<\/div>\n\t\t<div class=\"has_ae_slider elementor-element elementor-element-33f0a5b e-con-full e-flex ae-bg-gallery-type-default e-con e-child\" data-id=\"33f0a5b\" data-element_type=\"container\" data-e-type=\"container\" data-settings=\"{&quot;ekit_has_onepagescroll_dot&quot;:&quot;yes&quot;}\">\n\t\t<div class=\"has_ae_slider elementor-element elementor-element-2f5b77e e-con-full e-flex ae-bg-gallery-type-default e-con e-child\" data-id=\"2f5b77e\" data-element_type=\"container\" data-e-type=\"container\" data-settings=\"{&quot;ekit_has_onepagescroll_dot&quot;:&quot;yes&quot;}\">\n\t\t\t\t<div class=\"elementor-element elementor-element-7d5804c elementor-widget elementor-widget-heading\" data-id=\"7d5804c\" data-element_type=\"widget\" data-e-type=\"widget\" data-settings=\"{&quot;ekit_we_effect_on&quot;:&quot;none&quot;}\" data-widget_type=\"heading.default\">\n\t\t\t\t<div class=\"elementor-widget-container\">\n\t\t\t\t\t<h4 class=\"elementor-heading-title elementor-size-default\"><b>Principaux objectifs de la TCC dans les communaut\u00e9s ethniques minoritaires<\/b><\/h4>\t\t\t\t<\/div>\n\t\t\t\t<\/div>\n\t\t\t\t<\/div>\n\t\t<div class=\"has_ae_slider elementor-element elementor-element-3966f0d e-con-full e-flex ae-bg-gallery-type-default e-con e-child\" data-id=\"3966f0d\" data-element_type=\"container\" data-e-type=\"container\" data-settings=\"{&quot;ekit_has_onepagescroll_dot&quot;:&quot;yes&quot;}\">\n\t\t\t\t<div class=\"elementor-element elementor-element-3ad4cf5 elementor-widget__width-initial elementor-widget elementor-widget-text-editor\" data-id=\"3ad4cf5\" data-element_type=\"widget\" data-e-type=\"widget\" data-settings=\"{&quot;ekit_we_effect_on&quot;:&quot;none&quot;}\" data-widget_type=\"text-editor.default\">\n\t\t\t\t<div class=\"elementor-widget-container\">\n\t\t\t\t\t\t\t\t\t<ul><li>Permettre \u00e0 la communaut\u00e9 de planifier et de d\u00e9cider du d\u00e9veloppement touristique<\/li><li>Pr\u00e9server et respecter la culture et les traditions locales<\/li><li>Favoriser le renforcement des capacit\u00e9s et l&rsquo;\u00e9ducation<\/li><li>Prot\u00e9ger l&rsquo;environnement<\/li><li>Cr\u00e9er des emplois<\/li><li>\u00c9galit\u00e9 des sexes et \u00e9galit\u00e9 pour les personnes d\u00e9favoris\u00e9es (minorit\u00e9s ethniques)<\/li><li>Sensibilisation \u00e0 la protection de la culture et de la nature<\/li><li>Combattre l&rsquo;exploitation sexuelle des \u00eatres humains, en particulier l&rsquo;exploitation des enfants<\/li><\/ul>\t\t\t\t\t\t\t\t<\/div>\n\t\t\t\t<\/div>\n\t\t\t\t<\/div>\n\t\t\t\t<\/div>\n\t\t\t\t<\/div>\n\t\t\t\t\t<\/div>\n\t\t\t\t<\/div>\n\t\t\t\t<\/div>\n\t\t","protected":false},"excerpt":{"rendered":"<p>Comment voyager de mani\u00e8re responsable ? Tourisme responsable Qu&rsquo;est-ce que le tourisme responsable ? Le tourisme responsable cherche \u00e0 maximiser les impacts \u00e9conomiques, environnementaux et sociaux positifs et \u00e0 minimiser les impacts n\u00e9gatifs. Il implique que toutes les parties prenantes &#8211; touristes, entreprises, communaut\u00e9s locales et gouvernements &#8211; assument la responsabilit\u00e9 de rendre le tourisme [&hellip;]<\/p>\n","protected":false},"author":1,"featured_media":1476,"parent":0,"menu_order":0,"comment_status":"closed","ping_status":"closed","template":"elementor_header_footer","meta":{"_acf_changed":false,"footnotes":""},"class_list":["post-1555","page","type-page","status-publish","has-post-thumbnail","hentry"],"acf":[],"_links":{"self":[{"href":"https:\/\/vietnamresponsibletourism.com\/fr\/wp-json\/wp\/v2\/pages\/1555","targetHints":{"allow":["GET"]}}],"collection":[{"href":"https:\/\/vietnamresponsibletourism.com\/fr\/wp-json\/wp\/v2\/pages"}],"about":[{"href":"https:\/\/vietnamresponsibletourism.com\/fr\/wp-json\/wp\/v2\/types\/page"}],"author":[{"embeddable":true,"href":"https:\/\/vietnamresponsibletourism.com\/fr\/wp-json\/wp\/v2\/users\/1"}],"replies":[{"embeddable":true,"href":"https:\/\/vietnamresponsibletourism.com\/fr\/wp-json\/wp\/v2\/comments?post=1555"}],"version-history":[{"count":2,"href":"https:\/\/vietnamresponsibletourism.com\/fr\/wp-json\/wp\/v2\/pages\/1555\/revisions"}],"predecessor-version":[{"id":2718,"href":"https:\/\/vietnamresponsibletourism.com\/fr\/wp-json\/wp\/v2\/pages\/1555\/revisions\/2718"}],"wp:featuredmedia":[{"embeddable":true,"href":"https:\/\/vietnamresponsibletourism.com\/fr\/wp-json\/wp\/v2\/media\/1476"}],"wp:attachment":[{"href":"https:\/\/vietnamresponsibletourism.com\/fr\/wp-json\/wp\/v2\/media?parent=1555"}],"curies":[{"name":"wp","href":"https:\/\/api.w.org\/{rel}","templated":true}]}}