{"id":1557,"date":"2025-01-09T08:42:20","date_gmt":"2025-01-09T08:42:20","guid":{"rendered":"https:\/\/vietnamresponsibletourism.com\/qui-sommes-nous\/"},"modified":"2025-12-17T02:48:31","modified_gmt":"2025-12-17T02:48:31","slug":"qui-sommes-nous","status":"publish","type":"page","link":"https:\/\/vietnamresponsibletourism.com\/fr\/qui-sommes-nous\/","title":{"rendered":"Qui sommes-nous ?"},"content":{"rendered":"\t\t<div data-elementor-type=\"wp-page\" data-elementor-id=\"1557\" class=\"elementor elementor-1557 elementor-238\" data-elementor-post-type=\"page\">\n\t\t\t\t<div class=\"has_ae_slider elementor-element elementor-element-af6c9bc e-flex e-con-boxed ae-bg-gallery-type-default e-con e-parent\" data-id=\"af6c9bc\" data-element_type=\"container\" data-e-type=\"container\" data-settings=\"{&quot;background_background&quot;:&quot;classic&quot;,&quot;ekit_has_onepagescroll_dot&quot;:&quot;yes&quot;}\">\n\t\t\t\t\t<div class=\"e-con-inner\">\n\t\t<div class=\"has_ae_slider elementor-element elementor-element-6ea8a47 e-con-full e-flex ae-bg-gallery-type-default elementor-invisible e-con e-child\" data-id=\"6ea8a47\" data-element_type=\"container\" data-e-type=\"container\" data-settings=\"{&quot;animation&quot;:&quot;fadeInUp&quot;,&quot;ekit_has_onepagescroll_dot&quot;:&quot;yes&quot;}\">\n\t\t\t\t<div class=\"elementor-element elementor-element-9fd502b elementor-widget elementor-widget-heading\" data-id=\"9fd502b\" data-element_type=\"widget\" data-e-type=\"widget\" data-settings=\"{&quot;ekit_we_effect_on&quot;:&quot;none&quot;}\" data-widget_type=\"heading.default\">\n\t\t\t\t<div class=\"elementor-widget-container\">\n\t\t\t\t\t<h2 class=\"elementor-heading-title elementor-size-default\">Qui sommes-nous ?<\/h2>\t\t\t\t<\/div>\n\t\t\t\t<\/div>\n\t\t\t\t<div class=\"elementor-element elementor-element-3873ad9 elementor-widget elementor-widget-heading\" data-id=\"3873ad9\" data-element_type=\"widget\" data-e-type=\"widget\" data-settings=\"{&quot;ekit_we_effect_on&quot;:&quot;none&quot;}\" data-widget_type=\"heading.default\">\n\t\t\t\t<div class=\"elementor-widget-container\">\n\t\t\t\t\t<h3 class=\"elementor-heading-title elementor-size-default\">Notre mission, notre vision et nos valeurs<\/h3>\t\t\t\t<\/div>\n\t\t\t\t<\/div>\n\t\t\t\t<\/div>\n\t\t\t\t\t<\/div>\n\t\t\t\t<\/div>\n\t\t<div class=\"has_ae_slider elementor-element elementor-element-733adba e-flex e-con-boxed ae-bg-gallery-type-default e-con e-parent\" data-id=\"733adba\" data-element_type=\"container\" data-e-type=\"container\" data-settings=\"{&quot;ekit_has_onepagescroll_dot&quot;:&quot;yes&quot;}\">\n\t\t\t\t\t<div class=\"e-con-inner\">\n\t\t<div class=\"has_ae_slider elementor-element elementor-element-11a7bcb e-con-full e-flex ae-bg-gallery-type-default elementor-invisible e-con e-child\" data-id=\"11a7bcb\" data-element_type=\"container\" data-e-type=\"container\" data-settings=\"{&quot;animation&quot;:&quot;fadeInLeft&quot;,&quot;ekit_has_onepagescroll_dot&quot;:&quot;yes&quot;}\">\n\t\t\t\t<div class=\"elementor-element elementor-element-7044fc2 elementor-widget elementor-widget-heading\" data-id=\"7044fc2\" data-element_type=\"widget\" data-e-type=\"widget\" data-settings=\"{&quot;ekit_we_effect_on&quot;:&quot;none&quot;}\" data-widget_type=\"heading.default\">\n\t\t\t\t<div class=\"elementor-widget-container\">\n\t\t\t\t\t<h6 class=\"elementor-heading-title elementor-size-default\">Qui sommes-nous ?<\/h6>\t\t\t\t<\/div>\n\t\t\t\t<\/div>\n\t\t\t\t<div class=\"elementor-element elementor-element-872ff5c elementor-widget elementor-widget-heading\" data-id=\"872ff5c\" data-element_type=\"widget\" data-e-type=\"widget\" data-settings=\"{&quot;ekit_we_effect_on&quot;:&quot;none&quot;}\" data-widget_type=\"heading.default\">\n\t\t\t\t<div class=\"elementor-widget-container\">\n\t\t\t\t\t<h2 class=\"elementor-heading-title elementor-size-default\">Tourisme responsable au Vietnam (VRTO)<\/h2>\t\t\t\t<\/div>\n\t\t\t\t<\/div>\n\t\t\t\t<div class=\"elementor-element elementor-element-ff687c1 elementor-widget elementor-widget-text-editor\" data-id=\"ff687c1\" data-element_type=\"widget\" data-e-type=\"widget\" data-settings=\"{&quot;ekit_we_effect_on&quot;:&quot;none&quot;}\" data-widget_type=\"text-editor.default\">\n\t\t\t\t<div class=\"elementor-widget-container\">\n\t\t\t\t\t\t\t\t\t<p data-start=\"65\" data-end=\"686\"><strong data-start=\"65\" data-end=\"103\">Vietnam Responsible Tourism (VRTO)<\/strong> est \u00e0 l&rsquo;origine une entreprise \u00e0 vocation sociale cr\u00e9\u00e9e en 2017, visant \u00e0 mettre en relation des groupes de tourisme communautaire et \u00e0 am\u00e9liorer les conditions de vie dans les r\u00e9gions montagneuses recul\u00e9es du Vietnam. S&rsquo;appuyant sur ces valeurs fondatrices, VRTO a depuis \u00e9volu\u00e9 en une entreprise de tourisme durable, en mettant fortement l&rsquo;accent sur le voyage responsable &#8211; la pr\u00e9servation des ressources naturelles, la sauvegarde du patrimoine culturel et la fourniture d&rsquo;avantages \u00e0 long terme aux communaut\u00e9s locales. Depuis janvier 2020, les op\u00e9rations touristiques de VRTO sont officiellement g\u00e9r\u00e9es par <a href=\"https:\/\/aadasia.com\/\" rel=\"nofollow noopener\" target=\"_blank\"><strong data-start=\"635\" data-end=\"652\">le groupe AADASIA<\/strong><\/a>dont le si\u00e8ge se trouve \u00e0 Hano\u00ef, au Vi\u00eat Nam.  <\/p>\t\t\t\t\t\t\t\t<\/div>\n\t\t\t\t<\/div>\n\t\t\t\t<\/div>\n\t\t<div class=\"has_ae_slider elementor-element elementor-element-d17de08 e-con-full e-flex ae-bg-gallery-type-default e-con e-child\" data-id=\"d17de08\" data-element_type=\"container\" data-e-type=\"container\" data-settings=\"{&quot;ekit_has_onepagescroll_dot&quot;:&quot;yes&quot;}\">\n\t\t\t\t<div class=\"elementor-element elementor-element-de76c61 elementor-invisible elementor-widget elementor-widget-image\" data-id=\"de76c61\" data-element_type=\"widget\" data-e-type=\"widget\" data-settings=\"{&quot;motion_fx_motion_fx_scrolling&quot;:&quot;yes&quot;,&quot;motion_fx_rotateZ_effect&quot;:&quot;yes&quot;,&quot;motion_fx_rotateZ_direction&quot;:&quot;negative&quot;,&quot;motion_fx_rotateZ_speed&quot;:{&quot;unit&quot;:&quot;px&quot;,&quot;size&quot;:0.2,&quot;sizes&quot;:[]},&quot;motion_fx_rotateZ_affectedRange&quot;:{&quot;unit&quot;:&quot;%&quot;,&quot;size&quot;:&quot;&quot;,&quot;sizes&quot;:{&quot;start&quot;:12,&quot;end&quot;:27}},&quot;_animation&quot;:&quot;bounceInDown&quot;,&quot;ekit_we_effect_on&quot;:&quot;none&quot;,&quot;motion_fx_devices&quot;:[&quot;desktop&quot;,&quot;tablet&quot;,&quot;mobile&quot;]}\" data-widget_type=\"image.default\">\n\t\t\t\t<div class=\"elementor-widget-container\">\n\t\t\t\t\t\t\t\t\t\t\t\t\t\t\t<img fetchpriority=\"high\" decoding=\"async\" width=\"1500\" height=\"1000\" src=\"https:\/\/vietnamresponsibletourism.com\/wp-content\/uploads\/2025\/01\/Dinh-Minh-ChienCRED70.jpg\" class=\"attachment-full size-full wp-image-1327\" alt=\"\" srcset=\"https:\/\/vietnamresponsibletourism.com\/wp-content\/uploads\/2025\/01\/Dinh-Minh-ChienCRED70.jpg 1500w, https:\/\/vietnamresponsibletourism.com\/wp-content\/uploads\/2025\/01\/Dinh-Minh-ChienCRED70-300x200.jpg 300w, https:\/\/vietnamresponsibletourism.com\/wp-content\/uploads\/2025\/01\/Dinh-Minh-ChienCRED70-1024x683.jpg 1024w, https:\/\/vietnamresponsibletourism.com\/wp-content\/uploads\/2025\/01\/Dinh-Minh-ChienCRED70-768x512.jpg 768w\" sizes=\"(max-width: 1500px) 100vw, 1500px\" \/>\t\t\t\t\t\t\t\t\t\t\t\t\t\t\t<\/div>\n\t\t\t\t<\/div>\n\t\t\t\t<div class=\"elementor-element elementor-element-83351f1 elementor-widget__width-initial elementor-absolute elementor-invisible elementor-widget elementor-widget-image\" data-id=\"83351f1\" data-element_type=\"widget\" data-e-type=\"widget\" data-settings=\"{&quot;motion_fx_motion_fx_scrolling&quot;:&quot;yes&quot;,&quot;motion_fx_rotateZ_effect&quot;:&quot;yes&quot;,&quot;motion_fx_rotateZ_speed&quot;:{&quot;unit&quot;:&quot;px&quot;,&quot;size&quot;:0.5,&quot;sizes&quot;:[]},&quot;motion_fx_rotateZ_affectedRange&quot;:{&quot;unit&quot;:&quot;%&quot;,&quot;size&quot;:&quot;&quot;,&quot;sizes&quot;:{&quot;start&quot;:25,&quot;end&quot;:37}},&quot;_animation&quot;:&quot;bounceInRight&quot;,&quot;_position&quot;:&quot;absolute&quot;,&quot;ekit_we_effect_on&quot;:&quot;none&quot;,&quot;motion_fx_devices&quot;:[&quot;desktop&quot;,&quot;tablet&quot;,&quot;mobile&quot;]}\" data-widget_type=\"image.default\">\n\t\t\t\t<div class=\"elementor-widget-container\">\n\t\t\t\t\t\t\t\t\t\t\t\t\t\t\t<img decoding=\"async\" width=\"1500\" height=\"840\" src=\"https:\/\/vietnamresponsibletourism.com\/wp-content\/uploads\/2025\/01\/Hoang-Su-Phi-3-Responsible-Tourism-in-Cao-Bang-Ha-Giang-Vietnam.jpg\" class=\"attachment-full size-full wp-image-1326\" alt=\"\" srcset=\"https:\/\/vietnamresponsibletourism.com\/wp-content\/uploads\/2025\/01\/Hoang-Su-Phi-3-Responsible-Tourism-in-Cao-Bang-Ha-Giang-Vietnam.jpg 1500w, https:\/\/vietnamresponsibletourism.com\/wp-content\/uploads\/2025\/01\/Hoang-Su-Phi-3-Responsible-Tourism-in-Cao-Bang-Ha-Giang-Vietnam-300x168.jpg 300w, https:\/\/vietnamresponsibletourism.com\/wp-content\/uploads\/2025\/01\/Hoang-Su-Phi-3-Responsible-Tourism-in-Cao-Bang-Ha-Giang-Vietnam-1024x573.jpg 1024w, https:\/\/vietnamresponsibletourism.com\/wp-content\/uploads\/2025\/01\/Hoang-Su-Phi-3-Responsible-Tourism-in-Cao-Bang-Ha-Giang-Vietnam-768x430.jpg 768w\" sizes=\"(max-width: 1500px) 100vw, 1500px\" \/>\t\t\t\t\t\t\t\t\t\t\t\t\t\t\t<\/div>\n\t\t\t\t<\/div>\n\t\t\t\t<\/div>\n\t\t\t\t\t<\/div>\n\t\t\t\t<\/div>\n\t\t<div class=\"has_ae_slider elementor-element elementor-element-8d8ebfe e-flex e-con-boxed ae-bg-gallery-type-default elementor-invisible e-con e-parent\" data-id=\"8d8ebfe\" data-element_type=\"container\" data-e-type=\"container\" data-settings=\"{&quot;animation&quot;:&quot;fadeInUp&quot;,&quot;ekit_has_onepagescroll_dot&quot;:&quot;yes&quot;}\">\n\t\t\t\t\t<div class=\"e-con-inner\">\n\t\t\t\t<div class=\"elementor-element elementor-element-b393e0b elementor-widget-divider--view-line elementor-widget elementor-widget-divider\" data-id=\"b393e0b\" data-element_type=\"widget\" data-e-type=\"widget\" data-settings=\"{&quot;ekit_we_effect_on&quot;:&quot;none&quot;}\" data-widget_type=\"divider.default\">\n\t\t\t\t<div class=\"elementor-widget-container\">\n\t\t\t\t\t\t\t<div class=\"elementor-divider\">\n\t\t\t<span class=\"elementor-divider-separator\">\n\t\t\t\t\t\t<\/span>\n\t\t<\/div>\n\t\t\t\t\t\t<\/div>\n\t\t\t\t<\/div>\n\t\t<div class=\"has_ae_slider elementor-element elementor-element-dd1f13c e-con-full e-flex ae-bg-gallery-type-default e-con e-child\" data-id=\"dd1f13c\" data-element_type=\"container\" data-e-type=\"container\" data-settings=\"{&quot;ekit_has_onepagescroll_dot&quot;:&quot;yes&quot;}\">\n\t\t<div class=\"has_ae_slider elementor-element elementor-element-9e7e7ba e-con-full e-flex ae-bg-gallery-type-default e-con e-child\" data-id=\"9e7e7ba\" data-element_type=\"container\" data-e-type=\"container\" data-settings=\"{&quot;ekit_has_onepagescroll_dot&quot;:&quot;yes&quot;}\">\n\t\t\t\t<div class=\"elementor-element elementor-element-6391a73 elementor-widget elementor-widget-heading\" data-id=\"6391a73\" data-element_type=\"widget\" data-e-type=\"widget\" data-settings=\"{&quot;ekit_we_effect_on&quot;:&quot;none&quot;}\" data-widget_type=\"heading.default\">\n\t\t\t\t<div class=\"elementor-widget-container\">\n\t\t\t\t\t<h4 class=\"elementor-heading-title elementor-size-default\">Notre mission<\/h4>\t\t\t\t<\/div>\n\t\t\t\t<\/div>\n\t\t\t\t<\/div>\n\t\t<div class=\"has_ae_slider elementor-element elementor-element-b5963f7 e-con-full e-flex ae-bg-gallery-type-default e-con e-child\" data-id=\"b5963f7\" data-element_type=\"container\" data-e-type=\"container\" data-settings=\"{&quot;ekit_has_onepagescroll_dot&quot;:&quot;yes&quot;}\">\n\t\t\t\t<div class=\"elementor-element elementor-element-2830f13 elementor-widget elementor-widget-text-editor\" data-id=\"2830f13\" data-element_type=\"widget\" data-e-type=\"widget\" data-settings=\"{&quot;ekit_we_effect_on&quot;:&quot;none&quot;}\" data-widget_type=\"text-editor.default\">\n\t\t\t\t<div class=\"elementor-widget-container\">\n\t\t\t\t\t\t\t\t\t<p>\u00catre un fournisseur fiable de solutions de premi\u00e8re main en mati\u00e8re de voyages, align\u00e9es sur la TCC.<\/p>\t\t\t\t\t\t\t\t<\/div>\n\t\t\t\t<\/div>\n\t\t\t\t<\/div>\n\t\t\t\t<\/div>\n\t\t<div class=\"has_ae_slider elementor-element elementor-element-ae9c962 e-con-full e-flex ae-bg-gallery-type-default e-con e-child\" data-id=\"ae9c962\" data-element_type=\"container\" data-e-type=\"container\" data-settings=\"{&quot;ekit_has_onepagescroll_dot&quot;:&quot;yes&quot;}\">\n\t\t<div class=\"has_ae_slider elementor-element elementor-element-e5d2c8d e-con-full e-flex ae-bg-gallery-type-default e-con e-child\" data-id=\"e5d2c8d\" data-element_type=\"container\" data-e-type=\"container\" data-settings=\"{&quot;ekit_has_onepagescroll_dot&quot;:&quot;yes&quot;}\">\n\t\t\t\t<div class=\"elementor-element elementor-element-6886944 elementor-widget elementor-widget-heading\" data-id=\"6886944\" data-element_type=\"widget\" data-e-type=\"widget\" data-settings=\"{&quot;ekit_we_effect_on&quot;:&quot;none&quot;}\" data-widget_type=\"heading.default\">\n\t\t\t\t<div class=\"elementor-widget-container\">\n\t\t\t\t\t<h4 class=\"elementor-heading-title elementor-size-default\">Notre vision<\/h4>\t\t\t\t<\/div>\n\t\t\t\t<\/div>\n\t\t\t\t<\/div>\n\t\t<div class=\"has_ae_slider elementor-element elementor-element-7038d1f e-con-full e-flex ae-bg-gallery-type-default e-con e-child\" data-id=\"7038d1f\" data-element_type=\"container\" data-e-type=\"container\" data-settings=\"{&quot;ekit_has_onepagescroll_dot&quot;:&quot;yes&quot;}\">\n\t\t\t\t<div class=\"elementor-element elementor-element-4fb988a elementor-widget elementor-widget-text-editor\" data-id=\"4fb988a\" data-element_type=\"widget\" data-e-type=\"widget\" data-settings=\"{&quot;ekit_we_effect_on&quot;:&quot;none&quot;}\" data-widget_type=\"text-editor.default\">\n\t\t\t\t<div class=\"elementor-widget-container\">\n\t\t\t\t\t\t\t\t\t<p>Devenir la premi\u00e8re agence CBT du Vi\u00eat Nam en aidant la communaut\u00e9 locale \u00e0 promouvoir ses performances commerciales gr\u00e2ce \u00e0 d&rsquo;excellents services de voyage, tout en offrant aux visiteurs des exp\u00e9riences de voyage enrichissantes et authentiques.<\/p>\t\t\t\t\t\t\t\t<\/div>\n\t\t\t\t<\/div>\n\t\t\t\t<\/div>\n\t\t\t\t<\/div>\n\t\t<div class=\"has_ae_slider elementor-element elementor-element-3f1d2a6 e-con-full e-flex ae-bg-gallery-type-default e-con e-child\" data-id=\"3f1d2a6\" data-element_type=\"container\" data-e-type=\"container\" data-settings=\"{&quot;ekit_has_onepagescroll_dot&quot;:&quot;yes&quot;}\">\n\t\t<div class=\"has_ae_slider elementor-element elementor-element-59b0964 e-con-full e-flex ae-bg-gallery-type-default e-con e-child\" data-id=\"59b0964\" data-element_type=\"container\" data-e-type=\"container\" data-settings=\"{&quot;ekit_has_onepagescroll_dot&quot;:&quot;yes&quot;}\">\n\t\t\t\t<div class=\"elementor-element elementor-element-7282a02 elementor-widget elementor-widget-heading\" data-id=\"7282a02\" data-element_type=\"widget\" data-e-type=\"widget\" data-settings=\"{&quot;ekit_we_effect_on&quot;:&quot;none&quot;}\" data-widget_type=\"heading.default\">\n\t\t\t\t<div class=\"elementor-widget-container\">\n\t\t\t\t\t<h4 class=\"elementor-heading-title elementor-size-default\">Nos valeurs<\/h4>\t\t\t\t<\/div>\n\t\t\t\t<\/div>\n\t\t\t\t<\/div>\n\t\t<div class=\"has_ae_slider elementor-element elementor-element-c4307fd e-con-full e-flex ae-bg-gallery-type-default e-con e-child\" data-id=\"c4307fd\" data-element_type=\"container\" data-e-type=\"container\" data-settings=\"{&quot;ekit_has_onepagescroll_dot&quot;:&quot;yes&quot;}\">\n\t\t\t\t<div class=\"elementor-element elementor-element-7d171f9 elementor-widget elementor-widget-text-editor\" data-id=\"7d171f9\" data-element_type=\"widget\" data-e-type=\"widget\" data-settings=\"{&quot;ekit_we_effect_on&quot;:&quot;none&quot;}\" data-widget_type=\"text-editor.default\">\n\t\t\t\t<div class=\"elementor-widget-container\">\n\t\t\t\t\t\t\t\t\t<h5>LA SATISFACTION ET LE BIEN-\u00caTRE DES CLIENTS :<\/h5><p>Nous offrons \u00e0 nos clients des services qui maximisent leurs avantages et leur apportent la plus grande satisfaction.<\/p><h5>LE D\u00c9VELOPPEMENT DES PERSONNES :<\/h5><p>Notre \u00e9quipe et les communaut\u00e9s locales re\u00e7oivent une formation r\u00e9guli\u00e8re et se voient offrir diverses possibilit\u00e9s de r\u00e9aliser leur plein potentiel.<\/p><h5>L&rsquo;AM\u00c9LIORATION CONTINUE :<\/h5><p>Nous nous tenons constamment au courant des derniers changements et des approches et technologies de pointe.<\/p><h5>L&rsquo;INT\u00c9GRIT\u00c9 :<\/h5><p>Nous assurons la s\u00e9curit\u00e9 des informations de nos clients dans toutes les t\u00e2ches que nous effectuons.<\/p><h5>LA RESPONSABILIT\u00c9 SOCIALE :<\/h5><p>Nous nous engageons \u00e0 assurer le d\u00e9veloppement durable de nos communaut\u00e9s locales en mettant \u00e0 profit nos comp\u00e9tences, nos connaissances et nos ressources pour contribuer \u00e0 la cr\u00e9ation de communaut\u00e9s plus prosp\u00e8res.<\/p>\t\t\t\t\t\t\t\t<\/div>\n\t\t\t\t<\/div>\n\t\t\t\t<\/div>\n\t\t\t\t<\/div>\n\t\t\t\t\t<\/div>\n\t\t\t\t<\/div>\n\t\t\t\t<\/div>\n\t\t","protected":false},"excerpt":{"rendered":"<p>Notre mission, notre vision et nos valeurs Qui sommes-nous ? Tourisme responsable au Vietnam (VRTO) Vietnam Responsible Tourism (VRTO) est \u00e0 l&rsquo;origine une entreprise \u00e0 vocation sociale cr\u00e9\u00e9e en 2017, visant \u00e0 mettre en relation des groupes de tourisme communautaire et \u00e0 am\u00e9liorer les conditions de vie dans les r\u00e9gions montagneuses recul\u00e9es du Vietnam. S&rsquo;appuyant [&hellip;]<\/p>\n","protected":false},"author":1,"featured_media":0,"parent":0,"menu_order":0,"comment_status":"closed","ping_status":"closed","template":"elementor_header_footer","meta":{"_acf_changed":false,"footnotes":""},"class_list":["post-1557","page","type-page","status-publish","hentry"],"acf":[],"_links":{"self":[{"href":"https:\/\/vietnamresponsibletourism.com\/fr\/wp-json\/wp\/v2\/pages\/1557","targetHints":{"allow":["GET"]}}],"collection":[{"href":"https:\/\/vietnamresponsibletourism.com\/fr\/wp-json\/wp\/v2\/pages"}],"about":[{"href":"https:\/\/vietnamresponsibletourism.com\/fr\/wp-json\/wp\/v2\/types\/page"}],"author":[{"embeddable":true,"href":"https:\/\/vietnamresponsibletourism.com\/fr\/wp-json\/wp\/v2\/users\/1"}],"replies":[{"embeddable":true,"href":"https:\/\/vietnamresponsibletourism.com\/fr\/wp-json\/wp\/v2\/comments?post=1557"}],"version-history":[{"count":2,"href":"https:\/\/vietnamresponsibletourism.com\/fr\/wp-json\/wp\/v2\/pages\/1557\/revisions"}],"predecessor-version":[{"id":2719,"href":"https:\/\/vietnamresponsibletourism.com\/fr\/wp-json\/wp\/v2\/pages\/1557\/revisions\/2719"}],"wp:attachment":[{"href":"https:\/\/vietnamresponsibletourism.com\/fr\/wp-json\/wp\/v2\/media?parent=1557"}],"curies":[{"name":"wp","href":"https:\/\/api.w.org\/{rel}","templated":true}]}}