{"id":2710,"date":"2025-07-14T05:24:38","date_gmt":"2025-07-14T05:24:38","guid":{"rendered":"https:\/\/vietnamresponsibletourism.com\/hub-de-lagent\/"},"modified":"2025-07-14T05:24:38","modified_gmt":"2025-07-14T05:24:38","slug":"hub-de-lagent","status":"publish","type":"page","link":"https:\/\/vietnamresponsibletourism.com\/fr\/hub-de-lagent\/","title":{"rendered":"Hub de l&rsquo;agent"},"content":{"rendered":"<h4 style=\"text-align: center;\">Le Hub des agents sera bient\u00f4t disponible<\/h4>\n<p style=\"text-align: center;\">Nous travaillons sur un syst\u00e8me d\u00e9di\u00e9 \u00e0 nos agents B2B. Il est presque pr\u00eat et nous nous r\u00e9jouissons de le partager avec vous tr\u00e8s bient\u00f4t ! <\/p>\n<p><img fetchpriority=\"high\" decoding=\"async\" class=\"aligncenter\" src=\"https:\/\/vietnamresponsibletourism.com\/wp-content\/uploads\/2025\/03\/cropped-cropped-favicon.png\" alt=\"Tourisme responsable au Vietnam\" width=\"512\" height=\"512\"><\/p>\n","protected":false},"excerpt":{"rendered":"<p>Le Hub des agents sera bient\u00f4t disponible Nous travaillons sur un syst\u00e8me d\u00e9di\u00e9 \u00e0 nos agents B2B. Il est presque pr\u00eat et nous nous r\u00e9jouissons de le partager avec vous tr\u00e8s bient\u00f4t !<\/p>\n","protected":false},"author":2,"featured_media":1522,"parent":0,"menu_order":0,"comment_status":"closed","ping_status":"closed","template":"","meta":{"_acf_changed":false,"footnotes":""},"class_list":["post-2710","page","type-page","status-publish","has-post-thumbnail","hentry"],"acf":[],"_links":{"self":[{"href":"https:\/\/vietnamresponsibletourism.com\/fr\/wp-json\/wp\/v2\/pages\/2710","targetHints":{"allow":["GET"]}}],"collection":[{"href":"https:\/\/vietnamresponsibletourism.com\/fr\/wp-json\/wp\/v2\/pages"}],"about":[{"href":"https:\/\/vietnamresponsibletourism.com\/fr\/wp-json\/wp\/v2\/types\/page"}],"author":[{"embeddable":true,"href":"https:\/\/vietnamresponsibletourism.com\/fr\/wp-json\/wp\/v2\/users\/2"}],"replies":[{"embeddable":true,"href":"https:\/\/vietnamresponsibletourism.com\/fr\/wp-json\/wp\/v2\/comments?post=2710"}],"version-history":[{"count":0,"href":"https:\/\/vietnamresponsibletourism.com\/fr\/wp-json\/wp\/v2\/pages\/2710\/revisions"}],"wp:featuredmedia":[{"embeddable":true,"href":"https:\/\/vietnamresponsibletourism.com\/fr\/wp-json\/wp\/v2\/media\/1522"}],"wp:attachment":[{"href":"https:\/\/vietnamresponsibletourism.com\/fr\/wp-json\/wp\/v2\/media?parent=2710"}],"curies":[{"name":"wp","href":"https:\/\/api.w.org\/{rel}","templated":true}]}}